{"id":88,"date":"2014-09-08T11:04:28","date_gmt":"2014-09-08T09:04:28","guid":{"rendered":"https:\/\/en.yoga-laurence-lhermitte.com\/?page_id=88"},"modified":"2022-10-02T11:07:05","modified_gmt":"2022-10-02T09:07:05","slug":"the-yoga-i-offer","status":"publish","type":"page","link":"https:\/\/yoga-laurence-lhermitte.com\/en\/the-yoga-i-offer\/","title":{"rendered":"Yoga with me"},"content":{"rendered":"<p style=\"text-align: justify\"><img decoding=\"async\" class=\"size-full wp-image-782 alignleft\" style=\"margin-right: 50px\" src=\"https:\/\/yoga-laurence-lhermitte.com\/fr\/files\/2012\/12\/woman-circonflexe.png\" alt=\"posture chien tete en bas\" width=\"233\" height=\"110\" \/><\/p>\n<h2 style=\"clear: left;margin-top: 160px\">Spirit of the classes<\/h2>\n<p>Suitable to everyone, whatever their age and physical condition, the yoga I teach\u00a0is focused on what you feel, on respect for yourself and your limitations, and on coordination between movements and breathing. Beyond the exercises, the aim is to find the way to connect with\u00a0your innermost self in order to get in touch with who you really are.<\/p>\n<p style=\"text-align: justify\">Instead of striving for the perfect pose, I invite you to breathe consciously, to feel what is happening in your body and in your mind and to let contentment and self-awareness develop. Together, we strive to keep alive the connection between our centre, inside our pelvis, and our limbs (top of the head, coccyx, tip of the fingers and the toes). So, we can unfold in the poses from our centre, without collapsing or stretching, and the energy can flow.<\/p>\n<p style=\"text-align: justify\">[break]<\/p>\n<h2 style=\"text-align: justify\">Group classes for adults<\/h2>\n<p>Inspired by Shri T. Krishnamacharya, T.K.V. Desikachar and B.K.S. Iyengar, group classes allow you to relax, to come back to self-awareness, to create space for vitality and positive energy. I invite you to practise in full respect of your possibilities and limits, focusing on what you feel deep inside. However supple you are, this approach allows you to be comfortably established in a steady pose.<\/p>\n<p><span style=\"text-decoration: underline\">Typical class\u00a0: from relaxation to \u2026 relaxation\u00a0<\/span><br \/>\nI invite you to start by breathing exercises (pr\u00e2n\u00e2y\u00e2ma) in a sitting or supine position. Then, at your own rhythm, you perform the poses (asana) I suggest or show. These can be dynamic (including combinations of poses) or static. I insist constantly on the intrinsic link between moving and breathing. Each class ends up with a guided relaxation.<\/p>\n<p><span style=\"text-decoration: underline\">Pregnant women and women who have recently given birth<br \/>\n<\/span>I am also a prenatal and postpartum yoga teacher. Pregnant women or women who have recently given birth are welcome to my classes. They are specifically taken care of.<\/p>\n<p>Come dressed in comfortable and loose-fitting clothes.<\/p>\n<p><a href=\"https:\/\/yoga-laurence-lhermitte.com\/en\/classes\/group-classes-for-adults\/\">\u2192\u00a0 Information on group classes for adults<\/a><\/p>\n<p>[break]<\/p>\n<h2>Group classes for children<\/h2>\n<p style=\"clear: left\"><img decoding=\"async\" class=\"alignleft size-full wp-image-127\" src=\"https:\/\/yoga-laurence-lhermitte.com\/fr\/files\/2012\/12\/kids-batons2-h61.png\" alt=\"Enfants et yoga\" width=\"136\" height=\"61\" \/>In our frantic world, there are many sources of confusion and distraction, and children can be stressed out. Nowadays, kids spend a lot of time sitting instead of running around and playing outdoors, and hence suffer from stiffness and are uncoordinated in their movements.\u00a0My aim is to fight against these tendencies, bringing children peace, vitality and fluidity of movement.<\/p>\n<p style=\"clear: left\">Together we play and practise real yoga poses, and, quickly, children gain in suppleness,\u00a0awareness of their body and their movements in space, and they appreciate stillness and calm. Off the mat, they become more self-confident, they realize that enjoying life does not go hand in hand with speed and their ability to concentrate is improved.<\/p>\n<p>Have them dressed in comfortable and loose-fitting clothes.<\/p>\n<p style=\"clear: left;padding-left: 30px\"><span style=\"color: #870000\"><strong>Yoga for one child and one adult<\/strong><\/span><\/p>\n<p style=\"clear: left;padding-left: 30px\"><span style=\"color: #870000\">Parent and child do yoga poses together<\/span> to have fun, to learn to move with the breath and, simply, to be together in a different way. The grown-ups can experience the pure pleasure of game and of nimble movements they have often forgotten. The children gain in suppleness, and awareness of their body and their movements in space. And everyone learns the art of slowing down!<\/p>\n<p style=\"clear: left\"><a href=\"https:\/\/yoga-laurence-lhermitte.com\/en\/classes\/group-classes-for-children\/\">\u2192 \u00a0Information on group classes for children<\/a><\/p>\n<p>[break]<\/p>\n<h2>Private classes<\/h2>\n<p style=\"text-align: justify\">Suitable for adults and children alike, private classes are tailor-made for your needs and contribute to the health and harmony of your body, mind and spirit.<\/p>\n<p style=\"text-align: justify\">In case of illness or psychological problems, private classes can help you on the way to recovery. Yoga is no substitute for medical treatment. Therefore, it is highly recommended to come with a medical diagnosis from a general practitioner, a physiotherapist, an osteopath or a psychologist.<\/p>\n<ul>\n<li style=\"text-align: justify\"><span style=\"color: #870000\"><strong>Restorative yoga<\/strong><\/span><\/li>\n<\/ul>\n<p>According to Judith Hanson Lasater, who has been teaching this type of yoga with passion for more than twenty years, restorative yoga is \u2019\u2019the use of props to support the body in a position of ease and comfort to facilitate relaxation and health\u2019\u2019. It helps body and mind to relax. It is not about stretching, it is about opening. And ultimately, you can rediscover the joy of pure rest.<\/p>\n<ul>\n<li><span style=\"color: #870000\"><strong>Prenatal and post-partum yoga<\/strong><\/span><\/li>\n<\/ul>\n<p>The\u00a0poses are tailored to your needs at all stages of your pregnancy. So you can continue enjoying yoga or discover the wonders of yoga during this\u00a0important period of your life. It will be beneficial to your baby as well!<\/p>\n<p>Usually\u00a0six weeks after the birth of your child, you can go back onto your mat and I can guide you in a gentle and careful practice.<\/p>\n<p>Come dressed in comfortable and loose-fitting clothes.<\/p>\n<p style=\"text-align: justify\"><a href=\"https:\/\/yoga-laurence-lhermitte.com\/en\/classes\/private-classes\/\">\u2192 Information on private classes<\/a><\/p>\n","protected":false},"excerpt":{"rendered":"<p>Spirit of the classes Suitable to everyone, whatever their age and physical condition, the yoga I teach\u00a0is focused on what you feel, on respect for yourself and your limitations, and on coordination between movements and breathing. Beyond the exercises, the aim is to find the way to connect with\u00a0your innermost self in order to get &hellip; <\/p>\n<p class=\"link-more\"><a href=\"https:\/\/yoga-laurence-lhermitte.com\/en\/the-yoga-i-offer\/\" class=\"more-link\">Continue reading<span class=\"screen-reader-text\"> &#8220;Yoga with me&#8221;<\/span><\/a><\/p>\n","protected":false},"author":2,"featured_media":0,"parent":0,"menu_order":0,"comment_status":"closed","ping_status":"closed","template":"","meta":{"footnotes":""},"class_list":["post-88","page","type-page","status-publish","hentry","entry"],"yoast_head":"<!-- This site is optimized with the Yoast SEO plugin v26.8 - https:\/\/yoast.com\/product\/yoast-seo-wordpress\/ -->\n<title>Yoga with me - en-Yoga Laurence Lhermitte<\/title>\n<meta name=\"robots\" content=\"index, follow, max-snippet:-1, max-image-preview:large, max-video-preview:-1\" \/>\n<link rel=\"canonical\" href=\"https:\/\/yoga-laurence-lhermitte.com\/en\/the-yoga-i-offer\/\" \/>\n<meta property=\"og:locale\" content=\"en_US\" \/>\n<meta property=\"og:type\" content=\"article\" \/>\n<meta property=\"og:title\" content=\"Yoga with me - en-Yoga Laurence Lhermitte\" \/>\n<meta property=\"og:description\" content=\"Spirit of the classes Suitable to everyone, whatever their age and physical condition, the yoga I teach\u00a0is focused on what you feel, on respect for yourself and your limitations, and on coordination between movements and breathing. Beyond the exercises, the aim is to find the way to connect with\u00a0your innermost self in order to get &hellip; Continue reading &quot;Yoga with me&quot;\" \/>\n<meta property=\"og:url\" content=\"https:\/\/yoga-laurence-lhermitte.com\/en\/the-yoga-i-offer\/\" \/>\n<meta property=\"og:site_name\" content=\"en-Yoga Laurence Lhermitte\" \/>\n<meta property=\"article:modified_time\" content=\"2022-10-02T09:07:05+00:00\" \/>\n<meta property=\"og:image\" content=\"https:\/\/yoga-laurence-lhermitte.com\/fr\/files\/2012\/12\/woman-circonflexe.png\" \/>\n<meta name=\"twitter:card\" content=\"summary_large_image\" \/>\n<meta name=\"twitter:label1\" content=\"Est. reading time\" \/>\n\t<meta name=\"twitter:data1\" content=\"4 minutes\" \/>\n<script type=\"application\/ld+json\" class=\"yoast-schema-graph\">{\"@context\":\"https:\/\/schema.org\",\"@graph\":[{\"@type\":\"WebPage\",\"@id\":\"https:\/\/yoga-laurence-lhermitte.com\/en\/the-yoga-i-offer\/\",\"url\":\"https:\/\/yoga-laurence-lhermitte.com\/en\/the-yoga-i-offer\/\",\"name\":\"Yoga with me - en-Yoga Laurence Lhermitte\",\"isPartOf\":{\"@id\":\"https:\/\/yoga-laurence-lhermitte.com\/en\/#website\"},\"primaryImageOfPage\":{\"@id\":\"https:\/\/yoga-laurence-lhermitte.com\/en\/the-yoga-i-offer\/#primaryimage\"},\"image\":{\"@id\":\"https:\/\/yoga-laurence-lhermitte.com\/en\/the-yoga-i-offer\/#primaryimage\"},\"thumbnailUrl\":\"https:\/\/yoga-laurence-lhermitte.com\/fr\/files\/2012\/12\/woman-circonflexe.png\",\"datePublished\":\"2014-09-08T09:04:28+00:00\",\"dateModified\":\"2022-10-02T09:07:05+00:00\",\"breadcrumb\":{\"@id\":\"https:\/\/yoga-laurence-lhermitte.com\/en\/the-yoga-i-offer\/#breadcrumb\"},\"inLanguage\":\"en-US\",\"potentialAction\":[{\"@type\":\"ReadAction\",\"target\":[\"https:\/\/yoga-laurence-lhermitte.com\/en\/the-yoga-i-offer\/\"]}]},{\"@type\":\"ImageObject\",\"inLanguage\":\"en-US\",\"@id\":\"https:\/\/yoga-laurence-lhermitte.com\/en\/the-yoga-i-offer\/#primaryimage\",\"url\":\"https:\/\/yoga-laurence-lhermitte.com\/fr\/files\/2012\/12\/woman-circonflexe.png\",\"contentUrl\":\"https:\/\/yoga-laurence-lhermitte.com\/fr\/files\/2012\/12\/woman-circonflexe.png\"},{\"@type\":\"BreadcrumbList\",\"@id\":\"https:\/\/yoga-laurence-lhermitte.com\/en\/the-yoga-i-offer\/#breadcrumb\",\"itemListElement\":[{\"@type\":\"ListItem\",\"position\":1,\"name\":\"Accueil\",\"item\":\"https:\/\/yoga-laurence-lhermitte.com\/en\/\"},{\"@type\":\"ListItem\",\"position\":2,\"name\":\"Yoga with me\"}]},{\"@type\":\"WebSite\",\"@id\":\"https:\/\/yoga-laurence-lhermitte.com\/en\/#website\",\"url\":\"https:\/\/yoga-laurence-lhermitte.com\/en\/\",\"name\":\"en-Yoga Laurence Lhermitte\",\"description\":\"Yoga-Group and private classes for adults and children in Guadeloupe\",\"potentialAction\":[{\"@type\":\"SearchAction\",\"target\":{\"@type\":\"EntryPoint\",\"urlTemplate\":\"https:\/\/yoga-laurence-lhermitte.com\/en\/?s={search_term_string}\"},\"query-input\":{\"@type\":\"PropertyValueSpecification\",\"valueRequired\":true,\"valueName\":\"search_term_string\"}}],\"inLanguage\":\"en-US\"}]}<\/script>\n<!-- \/ Yoast SEO plugin. -->","yoast_head_json":{"title":"Yoga with me - en-Yoga Laurence Lhermitte","robots":{"index":"index","follow":"follow","max-snippet":"max-snippet:-1","max-image-preview":"max-image-preview:large","max-video-preview":"max-video-preview:-1"},"canonical":"https:\/\/yoga-laurence-lhermitte.com\/en\/the-yoga-i-offer\/","og_locale":"en_US","og_type":"article","og_title":"Yoga with me - en-Yoga Laurence Lhermitte","og_description":"Spirit of the classes Suitable to everyone, whatever their age and physical condition, the yoga I teach\u00a0is focused on what you feel, on respect for yourself and your limitations, and on coordination between movements and breathing. Beyond the exercises, the aim is to find the way to connect with\u00a0your innermost self in order to get &hellip; Continue reading \"Yoga with me\"","og_url":"https:\/\/yoga-laurence-lhermitte.com\/en\/the-yoga-i-offer\/","og_site_name":"en-Yoga Laurence Lhermitte","article_modified_time":"2022-10-02T09:07:05+00:00","og_image":[{"url":"https:\/\/yoga-laurence-lhermitte.com\/fr\/files\/2012\/12\/woman-circonflexe.png","type":"","width":"","height":""}],"twitter_card":"summary_large_image","twitter_misc":{"Est. reading time":"4 minutes"},"schema":{"@context":"https:\/\/schema.org","@graph":[{"@type":"WebPage","@id":"https:\/\/yoga-laurence-lhermitte.com\/en\/the-yoga-i-offer\/","url":"https:\/\/yoga-laurence-lhermitte.com\/en\/the-yoga-i-offer\/","name":"Yoga with me - en-Yoga Laurence Lhermitte","isPartOf":{"@id":"https:\/\/yoga-laurence-lhermitte.com\/en\/#website"},"primaryImageOfPage":{"@id":"https:\/\/yoga-laurence-lhermitte.com\/en\/the-yoga-i-offer\/#primaryimage"},"image":{"@id":"https:\/\/yoga-laurence-lhermitte.com\/en\/the-yoga-i-offer\/#primaryimage"},"thumbnailUrl":"https:\/\/yoga-laurence-lhermitte.com\/fr\/files\/2012\/12\/woman-circonflexe.png","datePublished":"2014-09-08T09:04:28+00:00","dateModified":"2022-10-02T09:07:05+00:00","breadcrumb":{"@id":"https:\/\/yoga-laurence-lhermitte.com\/en\/the-yoga-i-offer\/#breadcrumb"},"inLanguage":"en-US","potentialAction":[{"@type":"ReadAction","target":["https:\/\/yoga-laurence-lhermitte.com\/en\/the-yoga-i-offer\/"]}]},{"@type":"ImageObject","inLanguage":"en-US","@id":"https:\/\/yoga-laurence-lhermitte.com\/en\/the-yoga-i-offer\/#primaryimage","url":"https:\/\/yoga-laurence-lhermitte.com\/fr\/files\/2012\/12\/woman-circonflexe.png","contentUrl":"https:\/\/yoga-laurence-lhermitte.com\/fr\/files\/2012\/12\/woman-circonflexe.png"},{"@type":"BreadcrumbList","@id":"https:\/\/yoga-laurence-lhermitte.com\/en\/the-yoga-i-offer\/#breadcrumb","itemListElement":[{"@type":"ListItem","position":1,"name":"Accueil","item":"https:\/\/yoga-laurence-lhermitte.com\/en\/"},{"@type":"ListItem","position":2,"name":"Yoga with me"}]},{"@type":"WebSite","@id":"https:\/\/yoga-laurence-lhermitte.com\/en\/#website","url":"https:\/\/yoga-laurence-lhermitte.com\/en\/","name":"en-Yoga Laurence Lhermitte","description":"Yoga-Group and private classes for adults and children in Guadeloupe","potentialAction":[{"@type":"SearchAction","target":{"@type":"EntryPoint","urlTemplate":"https:\/\/yoga-laurence-lhermitte.com\/en\/?s={search_term_string}"},"query-input":{"@type":"PropertyValueSpecification","valueRequired":true,"valueName":"search_term_string"}}],"inLanguage":"en-US"}]}},"_links":{"self":[{"href":"https:\/\/yoga-laurence-lhermitte.com\/en\/wp-json\/wp\/v2\/pages\/88","targetHints":{"allow":["GET"]}}],"collection":[{"href":"https:\/\/yoga-laurence-lhermitte.com\/en\/wp-json\/wp\/v2\/pages"}],"about":[{"href":"https:\/\/yoga-laurence-lhermitte.com\/en\/wp-json\/wp\/v2\/types\/page"}],"author":[{"embeddable":true,"href":"https:\/\/yoga-laurence-lhermitte.com\/en\/wp-json\/wp\/v2\/users\/2"}],"replies":[{"embeddable":true,"href":"https:\/\/yoga-laurence-lhermitte.com\/en\/wp-json\/wp\/v2\/comments?post=88"}],"version-history":[{"count":14,"href":"https:\/\/yoga-laurence-lhermitte.com\/en\/wp-json\/wp\/v2\/pages\/88\/revisions"}],"predecessor-version":[{"id":1878,"href":"https:\/\/yoga-laurence-lhermitte.com\/en\/wp-json\/wp\/v2\/pages\/88\/revisions\/1878"}],"wp:attachment":[{"href":"https:\/\/yoga-laurence-lhermitte.com\/en\/wp-json\/wp\/v2\/media?parent=88"}],"curies":[{"name":"wp","href":"https:\/\/api.w.org\/{rel}","templated":true}]}}