{"id":114,"date":"2012-12-02T19:44:08","date_gmt":"2012-12-02T18:44:08","guid":{"rendered":"https:\/\/fr.yoga-laurence-lhermitte.com\/?page_id=114"},"modified":"2022-04-22T22:20:44","modified_gmt":"2022-04-22T20:20:44","slug":"mentions-legales","status":"publish","type":"page","link":"https:\/\/yoga-laurence-lhermitte.com\/fr\/mentions-legales\/","title":{"rendered":"Mentions l\u00e9gales"},"content":{"rendered":"<h2>Propri\u00e9taire et webmaster<\/h2>\n<p>Laurence Lhermitte<br \/>\nFrance<br \/>\nyoga.laurence@gmail.com<br \/>\nT\u00e9l. : +33 (0)7 88 68 36 74<\/p>\n<p>SIRET : 841 754 534 00029<\/p>\n<p>[break]<\/p>\n<h2>H\u00e9bergement<\/h2>\n<p><a href=\"https:\/\/www.ovh.com\/fr\/\" target=\"_blank\" rel=\"noopener noreferrer\">OVH.com<\/a><\/p>\n<p>[break]<\/p>\n<h2>Droits d&rsquo;auteurs<\/h2>\n<p>Reproduction soumise \u00e0 l&rsquo;autorisation de Laurence Lhermitte<\/p>\n<p>[break]<\/p>\n<h2>Cookies<\/h2>\n<p>Les \u00ab cookies \u00bb sont des petits fichiers que l\u2019administrateur d\u2019un serveur installe sur votre ordinateur et qui permettent de m\u00e9moriser des donn\u00e9es relatives \u00e0 celui-ci lorsque l&rsquo;internaute se connecte au site. Nous utilisons le syst\u00e8me des \u00ab cookies \u00bb uniquement afin d&rsquo;optimiser votre navigation sur le site, afin de vous permettre de partager du contenu via les boutons de r\u00e9seaux sociaux et afin d\u2019\u00e9tablir des statistiques de fr\u00e9quentation du site. Il ne s\u2019agit en aucun cas de m\u00e9moriser des donn\u00e9es personnelles vous concernant. Il vous est par ailleurs possible \u00e0 tout moment de refuser l\u2019installation de ces \u00ab cookies \u00bb voire de les supprimer, gr\u00e2ce aux options de votre navigateur. Dans ce cas, nous veillons \u00e0 ce que votre navigation n\u2019en soit nullement emp\u00each\u00e9e.<\/p>\n<p>[break]<\/p>\n<h2>Protection des donn\u00e9es personnelles<\/h2>\n<p>Dans le cadre du R\u00e8glement G\u00e9n\u00e9ral sur la Protection des Donn\u00e9es (RGPD), toutes donn\u00e9es personnelles r\u00e9colt\u00e9es lors d\u2019une demande d&rsquo;information de votre part, de l\u2019entr\u00e9e d\u2019un commentaire ou d&rsquo;une inscription \u00e0 notre newsletter ou \u00e0 l&rsquo;un de nos \u00e9v\u00e8nements, pourraient \u00eatre utilis\u00e9es pour vous contacter ult\u00e9rieurement \u00e0 des fins d&rsquo;information uniquement.<br \/>\nCes donn\u00e9es ne seront ni c\u00e9d\u00e9es, ni \u00e9chang\u00e9es, ni vendues. Conform\u00e9ment \u00e0 la loi, vous disposez d\u2019un droit d\u2019acc\u00e8s aux informations qui vous concernent ainsi qu\u2019un droit de correction, d\u2019opposition ou de retrait. N&rsquo;h\u00e9sitez pas \u00e0 nous contacter si tel est le cas.<\/p>\n<p>[break]<\/p>\n<h2>Hyperliens<\/h2>\n<p>Les sites reli\u00e9s directement ou indirectement \u00e0 ce site ne sont pas sous notre contr\u00f4le. En cons\u00e9quence, nous n\u2019assumons aucune responsabilit\u00e9 quant aux informations publi\u00e9es sur ces sites. Les liens vers des sites ext\u00e9rieurs ne sont fournis qu\u2019\u00e0 titre de commodit\u00e9 et n\u2019impliquent aucune caution quant \u00e0 leur contenu.<\/p>\n","protected":false},"excerpt":{"rendered":"<p>Propri\u00e9taire et webmaster Laurence Lhermitte France yoga.laurence@gmail.com T\u00e9l. : +33 (0)7 88 68 36 74 SIRET : 841 754 534 00029 [break] H\u00e9bergement OVH.com [break] Droits d&rsquo;auteurs Reproduction soumise \u00e0 l&rsquo;autorisation de Laurence Lhermitte [break] Cookies Les \u00ab cookies \u00bb sont des petits fichiers que l\u2019administrateur d\u2019un serveur installe sur votre ordinateur et qui permettent &hellip; <\/p>\n<p class=\"link-more\"><a href=\"https:\/\/yoga-laurence-lhermitte.com\/fr\/mentions-legales\/\" class=\"more-link\">Continuer la lecture <span class=\"screen-reader-text\"> \u00ab\u00a0Mentions l\u00e9gales\u00a0\u00bb<\/span><\/a><\/p>\n","protected":false},"author":1,"featured_media":0,"parent":0,"menu_order":0,"comment_status":"closed","ping_status":"closed","template":"","meta":{"footnotes":""},"class_list":["post-114","page","type-page","status-publish","hentry","entry"],"yoast_head":"<!-- This site is optimized with the Yoast SEO plugin v26.8 - https:\/\/yoast.com\/product\/yoast-seo-wordpress\/ -->\n<title>Mentions l\u00e9gales - fr-Yoga Laurence Lhermitte<\/title>\n<meta name=\"robots\" content=\"index, follow, max-snippet:-1, max-image-preview:large, max-video-preview:-1\" \/>\n<link rel=\"canonical\" href=\"https:\/\/yoga-laurence-lhermitte.com\/fr\/mentions-legales\/\" \/>\n<meta property=\"og:locale\" content=\"fr_FR\" \/>\n<meta property=\"og:type\" content=\"article\" \/>\n<meta property=\"og:title\" content=\"Mentions l\u00e9gales - fr-Yoga Laurence Lhermitte\" \/>\n<meta property=\"og:description\" content=\"Propri\u00e9taire et webmaster Laurence Lhermitte France yoga.laurence@gmail.com T\u00e9l. : +33 (0)7 88 68 36 74 SIRET : 841 754 534 00029 [break] H\u00e9bergement OVH.com [break] Droits d&rsquo;auteurs Reproduction soumise \u00e0 l&rsquo;autorisation de Laurence Lhermitte [break] Cookies Les \u00ab cookies \u00bb sont des petits fichiers que l\u2019administrateur d\u2019un serveur installe sur votre ordinateur et qui permettent &hellip; Continuer la lecture \u00ab\u00a0Mentions l\u00e9gales\u00a0\u00bb\" \/>\n<meta property=\"og:url\" content=\"https:\/\/yoga-laurence-lhermitte.com\/fr\/mentions-legales\/\" \/>\n<meta property=\"og:site_name\" content=\"fr-Yoga Laurence Lhermitte\" \/>\n<meta property=\"article:modified_time\" content=\"2022-04-22T20:20:44+00:00\" \/>\n<meta name=\"twitter:card\" content=\"summary_large_image\" \/>\n<script type=\"application\/ld+json\" class=\"yoast-schema-graph\">{\"@context\":\"https:\/\/schema.org\",\"@graph\":[{\"@type\":\"WebPage\",\"@id\":\"https:\/\/yoga-laurence-lhermitte.com\/fr\/mentions-legales\/\",\"url\":\"https:\/\/yoga-laurence-lhermitte.com\/fr\/mentions-legales\/\",\"name\":\"Mentions l\u00e9gales - fr-Yoga Laurence Lhermitte\",\"isPartOf\":{\"@id\":\"https:\/\/yoga-laurence-lhermitte.com\/fr\/#website\"},\"datePublished\":\"2012-12-02T18:44:08+00:00\",\"dateModified\":\"2022-04-22T20:20:44+00:00\",\"breadcrumb\":{\"@id\":\"https:\/\/yoga-laurence-lhermitte.com\/fr\/mentions-legales\/#breadcrumb\"},\"inLanguage\":\"fr-FR\",\"potentialAction\":[{\"@type\":\"ReadAction\",\"target\":[\"https:\/\/yoga-laurence-lhermitte.com\/fr\/mentions-legales\/\"]}]},{\"@type\":\"BreadcrumbList\",\"@id\":\"https:\/\/yoga-laurence-lhermitte.com\/fr\/mentions-legales\/#breadcrumb\",\"itemListElement\":[{\"@type\":\"ListItem\",\"position\":1,\"name\":\"Accueil\",\"item\":\"https:\/\/yoga-laurence-lhermitte.com\/fr\/\"},{\"@type\":\"ListItem\",\"position\":2,\"name\":\"Mentions l\u00e9gales\"}]},{\"@type\":\"WebSite\",\"@id\":\"https:\/\/yoga-laurence-lhermitte.com\/fr\/#website\",\"url\":\"https:\/\/yoga-laurence-lhermitte.com\/fr\/\",\"name\":\"fr-Yoga Laurence Lhermitte\",\"description\":\"Yoga-Cours collectifs et particuliers pour adultes et enfants, \u00e0 la Guadeloupe\",\"potentialAction\":[{\"@type\":\"SearchAction\",\"target\":{\"@type\":\"EntryPoint\",\"urlTemplate\":\"https:\/\/yoga-laurence-lhermitte.com\/fr\/?s={search_term_string}\"},\"query-input\":{\"@type\":\"PropertyValueSpecification\",\"valueRequired\":true,\"valueName\":\"search_term_string\"}}],\"inLanguage\":\"fr-FR\"}]}<\/script>\n<!-- \/ Yoast SEO plugin. -->","yoast_head_json":{"title":"Mentions l\u00e9gales - fr-Yoga Laurence Lhermitte","robots":{"index":"index","follow":"follow","max-snippet":"max-snippet:-1","max-image-preview":"max-image-preview:large","max-video-preview":"max-video-preview:-1"},"canonical":"https:\/\/yoga-laurence-lhermitte.com\/fr\/mentions-legales\/","og_locale":"fr_FR","og_type":"article","og_title":"Mentions l\u00e9gales - fr-Yoga Laurence Lhermitte","og_description":"Propri\u00e9taire et webmaster Laurence Lhermitte France yoga.laurence@gmail.com T\u00e9l. : +33 (0)7 88 68 36 74 SIRET : 841 754 534 00029 [break] H\u00e9bergement OVH.com [break] Droits d&rsquo;auteurs Reproduction soumise \u00e0 l&rsquo;autorisation de Laurence Lhermitte [break] Cookies Les \u00ab cookies \u00bb sont des petits fichiers que l\u2019administrateur d\u2019un serveur installe sur votre ordinateur et qui permettent &hellip; Continuer la lecture \u00ab\u00a0Mentions l\u00e9gales\u00a0\u00bb","og_url":"https:\/\/yoga-laurence-lhermitte.com\/fr\/mentions-legales\/","og_site_name":"fr-Yoga Laurence Lhermitte","article_modified_time":"2022-04-22T20:20:44+00:00","twitter_card":"summary_large_image","schema":{"@context":"https:\/\/schema.org","@graph":[{"@type":"WebPage","@id":"https:\/\/yoga-laurence-lhermitte.com\/fr\/mentions-legales\/","url":"https:\/\/yoga-laurence-lhermitte.com\/fr\/mentions-legales\/","name":"Mentions l\u00e9gales - fr-Yoga Laurence Lhermitte","isPartOf":{"@id":"https:\/\/yoga-laurence-lhermitte.com\/fr\/#website"},"datePublished":"2012-12-02T18:44:08+00:00","dateModified":"2022-04-22T20:20:44+00:00","breadcrumb":{"@id":"https:\/\/yoga-laurence-lhermitte.com\/fr\/mentions-legales\/#breadcrumb"},"inLanguage":"fr-FR","potentialAction":[{"@type":"ReadAction","target":["https:\/\/yoga-laurence-lhermitte.com\/fr\/mentions-legales\/"]}]},{"@type":"BreadcrumbList","@id":"https:\/\/yoga-laurence-lhermitte.com\/fr\/mentions-legales\/#breadcrumb","itemListElement":[{"@type":"ListItem","position":1,"name":"Accueil","item":"https:\/\/yoga-laurence-lhermitte.com\/fr\/"},{"@type":"ListItem","position":2,"name":"Mentions l\u00e9gales"}]},{"@type":"WebSite","@id":"https:\/\/yoga-laurence-lhermitte.com\/fr\/#website","url":"https:\/\/yoga-laurence-lhermitte.com\/fr\/","name":"fr-Yoga Laurence Lhermitte","description":"Yoga-Cours collectifs et particuliers pour adultes et enfants, \u00e0 la Guadeloupe","potentialAction":[{"@type":"SearchAction","target":{"@type":"EntryPoint","urlTemplate":"https:\/\/yoga-laurence-lhermitte.com\/fr\/?s={search_term_string}"},"query-input":{"@type":"PropertyValueSpecification","valueRequired":true,"valueName":"search_term_string"}}],"inLanguage":"fr-FR"}]}},"_links":{"self":[{"href":"https:\/\/yoga-laurence-lhermitte.com\/fr\/wp-json\/wp\/v2\/pages\/114","targetHints":{"allow":["GET"]}}],"collection":[{"href":"https:\/\/yoga-laurence-lhermitte.com\/fr\/wp-json\/wp\/v2\/pages"}],"about":[{"href":"https:\/\/yoga-laurence-lhermitte.com\/fr\/wp-json\/wp\/v2\/types\/page"}],"author":[{"embeddable":true,"href":"https:\/\/yoga-laurence-lhermitte.com\/fr\/wp-json\/wp\/v2\/users\/1"}],"replies":[{"embeddable":true,"href":"https:\/\/yoga-laurence-lhermitte.com\/fr\/wp-json\/wp\/v2\/comments?post=114"}],"version-history":[{"count":0,"href":"https:\/\/yoga-laurence-lhermitte.com\/fr\/wp-json\/wp\/v2\/pages\/114\/revisions"}],"wp:attachment":[{"href":"https:\/\/yoga-laurence-lhermitte.com\/fr\/wp-json\/wp\/v2\/media?parent=114"}],"curies":[{"name":"wp","href":"https:\/\/api.w.org\/{rel}","templated":true}]}}