{"id":2008,"date":"2013-09-08T14:41:58","date_gmt":"2013-09-08T12:41:58","guid":{"rendered":"https:\/\/fr.yoga-laurence-lhermitte.com\/?page_id=2008"},"modified":"2022-06-02T08:31:36","modified_gmt":"2022-06-02T06:31:36","slug":"cours-hebdomadaires","status":"publish","type":"page","link":"https:\/\/yoga-laurence-lhermitte.com\/fr\/les-cours\/cours-collectifs-pour-adultes\/cours-hebdomadaires\/","title":{"rendered":"Cours hebdomadaires"},"content":{"rendered":"<p>&nbsp;<\/p>\n<p><img fetchpriority=\"high\" decoding=\"async\" class=\"aligncenter size-full wp-image-4778\" src=\"https:\/\/yoga-laurence-lhermitte.com\/wp-content\/blogs.dir\/2\/files\/2022\/04\/Salle-de-Yoga-2-scaled.jpg\" alt=\"\" width=\"934\" height=\"700\" \/><\/p>\n<p style=\"text-align: center\">Ma nouvelle salle de yoga \u00e0 Bossay-sur-Claise (37)<\/p>\n<h2>Informations d\u00e9taill\u00e9es<\/h2>\n<p><span style=\"font-size: 14px\"><strong>O\u00f9 ?<br \/>\n<\/strong>3, Les Bertauli\u00e8res<br \/>\n37290 Bossay-sur-Claise<\/span><\/p>\n<p>[map-les-bertaulieres]<\/p>\n<p>&nbsp;<\/p>\n<p><strong>Horaire<br \/>\n<\/strong>Mercredi<br \/>\n19h30 &#8211; 21 heures<\/p>\n<p><strong>Tarifs<\/strong><br \/>\nCours ponctuel : 14 euros<br \/>\nCarte pour 10 cours valable 5 mois : 120 euros<\/p>\n<p><b>S&rsquo;inscrire<br \/>\n<\/b>Par t\u00e9l\u00e9phone ou WhatsApp : 07 88 68 36 74, par e-mail : yoga.laurence@gmail.com<\/p>\n<p>Tarifs : Que nul ne soit arr\u00eat\u00e9 pour des raisons financi\u00e8res. N\u2019h\u00e9sitez pas \u00e0 m\u2019en parler.<\/p>\n<p>&nbsp;<\/p>\n<hr \/>\n<p>&nbsp;<\/p>\n<h2><span id=\"Pour_votre_confort\">Pour votre confort<\/span><\/h2>\n<ul>\n<li>Pour que le cours commence \u00e0 l&rsquo;heure, merci d&rsquo;arriver 5 minutes \u00e0 l&rsquo;avance.<\/li>\n<li>Apportez votre tapis, si vous en avez un. N&rsquo;h\u00e9sitez \u00e0 prendre une couverture, et un coussin ou un petit banc pour une assise confortable.<\/li>\n<li>C&rsquo;est dans la continuit\u00e9 de la pratique que le yoga porte ses fruits. Pour cette raison et aussi parce que ce sera plus int\u00e9ressant financi\u00e8rement pour vous, je vous conseille vivement de prendre une carte de dix cours. Bien s\u00fbr, vous pouvez commencer par une ou quelques s\u00e9ances sans abonnement afin de v\u00e9rifier si le yoga, en particulier le yoga que je propose, r\u00e9pond \u00e0 vos attentes.<\/li>\n<li>Le yoga se pratique \u00e0 jeun.<\/li>\n<\/ul>\n<h3>Femmes enceintes ou fra\u00eechement accouch\u00e9es<\/h3>\n<ul>\n<li>Elles sont les bienvenues \u00e0 mes cours. Elles sont particuli\u00e8rement chouchout\u00e9es.<\/li>\n<\/ul>\n<p>&nbsp;<\/p>\n<hr \/>\n<p>&nbsp;<\/p>\n<h2><span id=\"En_savoir_plus_sur_le_yoga_que_je_propose\">En savoir plus sur le yoga que je propose<\/span><\/h2>\n<p>Voir la page <a title=\"Quel yoga ?\" href=\"https:\/\/yoga-laurence-lhermitte.com\/fr\/quel-yoga\/\">Quel yoga ?<\/a><\/p>\n<p>&nbsp;<\/p>\n<hr \/>\n<p>&nbsp;<\/p>\n<h2><span id=\"Des_questions\">Des questions ?<\/span><\/h2>\n<p>N&rsquo;h\u00e9sitez pas \u00e0 me <a href=\"https:\/\/yoga-laurence-lhermitte.com\/fr\/contact\/\" rel=\"noopener\">contacter<\/a>.<\/p>\n","protected":false},"excerpt":{"rendered":"<p>&nbsp; Ma nouvelle salle de yoga \u00e0 Bossay-sur-Claise (37) Informations d\u00e9taill\u00e9es O\u00f9 ? 3, Les Bertauli\u00e8res 37290 Bossay-sur-Claise [map-les-bertaulieres] &nbsp; Horaire Mercredi 19h30 &#8211; 21 heures Tarifs Cours ponctuel : 14 euros Carte pour 10 cours valable 5 mois : 120 euros S&rsquo;inscrire Par t\u00e9l\u00e9phone ou WhatsApp : 07 88 68 36 74, par e-mail &hellip; <\/p>\n<p class=\"link-more\"><a href=\"https:\/\/yoga-laurence-lhermitte.com\/fr\/les-cours\/cours-collectifs-pour-adultes\/cours-hebdomadaires\/\" class=\"more-link\">Continuer la lecture <span class=\"screen-reader-text\"> \u00ab\u00a0Cours hebdomadaires\u00a0\u00bb<\/span><\/a><\/p>\n","protected":false},"author":1,"featured_media":0,"parent":31,"menu_order":0,"comment_status":"closed","ping_status":"closed","template":"","meta":{"footnotes":""},"class_list":["post-2008","page","type-page","status-publish","hentry","entry"],"yoast_head":"<!-- This site is optimized with the Yoast SEO plugin v26.8 - https:\/\/yoast.com\/product\/yoast-seo-wordpress\/ -->\n<title>Cours hebdomadaires - fr-Yoga Laurence Lhermitte<\/title>\n<meta name=\"robots\" content=\"index, follow, max-snippet:-1, max-image-preview:large, max-video-preview:-1\" \/>\n<link rel=\"canonical\" href=\"https:\/\/yoga-laurence-lhermitte.com\/fr\/les-cours\/cours-collectifs-pour-adultes\/cours-hebdomadaires\/\" \/>\n<meta property=\"og:locale\" content=\"fr_FR\" \/>\n<meta property=\"og:type\" content=\"article\" \/>\n<meta property=\"og:title\" content=\"Cours hebdomadaires - fr-Yoga Laurence Lhermitte\" \/>\n<meta property=\"og:description\" content=\"&nbsp; Ma nouvelle salle de yoga \u00e0 Bossay-sur-Claise (37) Informations d\u00e9taill\u00e9es O\u00f9 ? 3, Les Bertauli\u00e8res 37290 Bossay-sur-Claise [map-les-bertaulieres] &nbsp; Horaire Mercredi 19h30 &#8211; 21 heures Tarifs Cours ponctuel : 14 euros Carte pour 10 cours valable 5 mois : 120 euros S&rsquo;inscrire Par t\u00e9l\u00e9phone ou WhatsApp : 07 88 68 36 74, par e-mail &hellip; Continuer la lecture \u00ab\u00a0Cours hebdomadaires\u00a0\u00bb\" \/>\n<meta property=\"og:url\" content=\"https:\/\/yoga-laurence-lhermitte.com\/fr\/les-cours\/cours-collectifs-pour-adultes\/cours-hebdomadaires\/\" \/>\n<meta property=\"og:site_name\" content=\"fr-Yoga Laurence Lhermitte\" \/>\n<meta property=\"article:modified_time\" content=\"2022-06-02T06:31:36+00:00\" \/>\n<meta property=\"og:image\" content=\"https:\/\/yoga-laurence-lhermitte.com\/wp-content\/blogs.dir\/2\/files\/2022\/04\/Salle-de-Yoga-2-scaled.jpg\" \/>\n<meta name=\"twitter:card\" content=\"summary_large_image\" \/>\n<script type=\"application\/ld+json\" class=\"yoast-schema-graph\">{\"@context\":\"https:\/\/schema.org\",\"@graph\":[{\"@type\":\"WebPage\",\"@id\":\"https:\/\/yoga-laurence-lhermitte.com\/fr\/les-cours\/cours-collectifs-pour-adultes\/cours-hebdomadaires\/\",\"url\":\"https:\/\/yoga-laurence-lhermitte.com\/fr\/les-cours\/cours-collectifs-pour-adultes\/cours-hebdomadaires\/\",\"name\":\"Cours hebdomadaires - fr-Yoga Laurence Lhermitte\",\"isPartOf\":{\"@id\":\"https:\/\/yoga-laurence-lhermitte.com\/fr\/#website\"},\"primaryImageOfPage\":{\"@id\":\"https:\/\/yoga-laurence-lhermitte.com\/fr\/les-cours\/cours-collectifs-pour-adultes\/cours-hebdomadaires\/#primaryimage\"},\"image\":{\"@id\":\"https:\/\/yoga-laurence-lhermitte.com\/fr\/les-cours\/cours-collectifs-pour-adultes\/cours-hebdomadaires\/#primaryimage\"},\"thumbnailUrl\":\"https:\/\/yoga-laurence-lhermitte.com\/wp-content\/blogs.dir\/2\/files\/2022\/04\/Salle-de-Yoga-2-scaled.jpg\",\"datePublished\":\"2013-09-08T12:41:58+00:00\",\"dateModified\":\"2022-06-02T06:31:36+00:00\",\"breadcrumb\":{\"@id\":\"https:\/\/yoga-laurence-lhermitte.com\/fr\/les-cours\/cours-collectifs-pour-adultes\/cours-hebdomadaires\/#breadcrumb\"},\"inLanguage\":\"fr-FR\",\"potentialAction\":[{\"@type\":\"ReadAction\",\"target\":[\"https:\/\/yoga-laurence-lhermitte.com\/fr\/les-cours\/cours-collectifs-pour-adultes\/cours-hebdomadaires\/\"]}]},{\"@type\":\"ImageObject\",\"inLanguage\":\"fr-FR\",\"@id\":\"https:\/\/yoga-laurence-lhermitte.com\/fr\/les-cours\/cours-collectifs-pour-adultes\/cours-hebdomadaires\/#primaryimage\",\"url\":\"https:\/\/yoga-laurence-lhermitte.com\/wp-content\/blogs.dir\/2\/files\/2022\/04\/Salle-de-Yoga-2-scaled.jpg\",\"contentUrl\":\"https:\/\/yoga-laurence-lhermitte.com\/wp-content\/blogs.dir\/2\/files\/2022\/04\/Salle-de-Yoga-2-scaled.jpg\"},{\"@type\":\"BreadcrumbList\",\"@id\":\"https:\/\/yoga-laurence-lhermitte.com\/fr\/les-cours\/cours-collectifs-pour-adultes\/cours-hebdomadaires\/#breadcrumb\",\"itemListElement\":[{\"@type\":\"ListItem\",\"position\":1,\"name\":\"Accueil\",\"item\":\"https:\/\/yoga-laurence-lhermitte.com\/fr\/\"},{\"@type\":\"ListItem\",\"position\":2,\"name\":\"Les cours\",\"item\":\"https:\/\/yoga-laurence-lhermitte.com\/fr\/les-cours\/\"},{\"@type\":\"ListItem\",\"position\":3,\"name\":\"Cours collectifs pour adultes\",\"item\":\"https:\/\/yoga-laurence-lhermitte.com\/fr\/les-cours\/cours-collectifs-pour-adultes\/\"},{\"@type\":\"ListItem\",\"position\":4,\"name\":\"Cours hebdomadaires\"}]},{\"@type\":\"WebSite\",\"@id\":\"https:\/\/yoga-laurence-lhermitte.com\/fr\/#website\",\"url\":\"https:\/\/yoga-laurence-lhermitte.com\/fr\/\",\"name\":\"fr-Yoga Laurence Lhermitte\",\"description\":\"Yoga-Cours collectifs et particuliers pour adultes et enfants, \u00e0 la Guadeloupe\",\"potentialAction\":[{\"@type\":\"SearchAction\",\"target\":{\"@type\":\"EntryPoint\",\"urlTemplate\":\"https:\/\/yoga-laurence-lhermitte.com\/fr\/?s={search_term_string}\"},\"query-input\":{\"@type\":\"PropertyValueSpecification\",\"valueRequired\":true,\"valueName\":\"search_term_string\"}}],\"inLanguage\":\"fr-FR\"}]}<\/script>\n<!-- \/ Yoast SEO plugin. -->","yoast_head_json":{"title":"Cours hebdomadaires - fr-Yoga Laurence Lhermitte","robots":{"index":"index","follow":"follow","max-snippet":"max-snippet:-1","max-image-preview":"max-image-preview:large","max-video-preview":"max-video-preview:-1"},"canonical":"https:\/\/yoga-laurence-lhermitte.com\/fr\/les-cours\/cours-collectifs-pour-adultes\/cours-hebdomadaires\/","og_locale":"fr_FR","og_type":"article","og_title":"Cours hebdomadaires - fr-Yoga Laurence Lhermitte","og_description":"&nbsp; Ma nouvelle salle de yoga \u00e0 Bossay-sur-Claise (37) Informations d\u00e9taill\u00e9es O\u00f9 ? 3, Les Bertauli\u00e8res 37290 Bossay-sur-Claise [map-les-bertaulieres] &nbsp; Horaire Mercredi 19h30 &#8211; 21 heures Tarifs Cours ponctuel : 14 euros Carte pour 10 cours valable 5 mois : 120 euros S&rsquo;inscrire Par t\u00e9l\u00e9phone ou WhatsApp : 07 88 68 36 74, par e-mail &hellip; Continuer la lecture \u00ab\u00a0Cours hebdomadaires\u00a0\u00bb","og_url":"https:\/\/yoga-laurence-lhermitte.com\/fr\/les-cours\/cours-collectifs-pour-adultes\/cours-hebdomadaires\/","og_site_name":"fr-Yoga Laurence Lhermitte","article_modified_time":"2022-06-02T06:31:36+00:00","og_image":[{"url":"https:\/\/yoga-laurence-lhermitte.com\/wp-content\/blogs.dir\/2\/files\/2022\/04\/Salle-de-Yoga-2-scaled.jpg","type":"","width":"","height":""}],"twitter_card":"summary_large_image","schema":{"@context":"https:\/\/schema.org","@graph":[{"@type":"WebPage","@id":"https:\/\/yoga-laurence-lhermitte.com\/fr\/les-cours\/cours-collectifs-pour-adultes\/cours-hebdomadaires\/","url":"https:\/\/yoga-laurence-lhermitte.com\/fr\/les-cours\/cours-collectifs-pour-adultes\/cours-hebdomadaires\/","name":"Cours hebdomadaires - fr-Yoga Laurence Lhermitte","isPartOf":{"@id":"https:\/\/yoga-laurence-lhermitte.com\/fr\/#website"},"primaryImageOfPage":{"@id":"https:\/\/yoga-laurence-lhermitte.com\/fr\/les-cours\/cours-collectifs-pour-adultes\/cours-hebdomadaires\/#primaryimage"},"image":{"@id":"https:\/\/yoga-laurence-lhermitte.com\/fr\/les-cours\/cours-collectifs-pour-adultes\/cours-hebdomadaires\/#primaryimage"},"thumbnailUrl":"https:\/\/yoga-laurence-lhermitte.com\/wp-content\/blogs.dir\/2\/files\/2022\/04\/Salle-de-Yoga-2-scaled.jpg","datePublished":"2013-09-08T12:41:58+00:00","dateModified":"2022-06-02T06:31:36+00:00","breadcrumb":{"@id":"https:\/\/yoga-laurence-lhermitte.com\/fr\/les-cours\/cours-collectifs-pour-adultes\/cours-hebdomadaires\/#breadcrumb"},"inLanguage":"fr-FR","potentialAction":[{"@type":"ReadAction","target":["https:\/\/yoga-laurence-lhermitte.com\/fr\/les-cours\/cours-collectifs-pour-adultes\/cours-hebdomadaires\/"]}]},{"@type":"ImageObject","inLanguage":"fr-FR","@id":"https:\/\/yoga-laurence-lhermitte.com\/fr\/les-cours\/cours-collectifs-pour-adultes\/cours-hebdomadaires\/#primaryimage","url":"https:\/\/yoga-laurence-lhermitte.com\/wp-content\/blogs.dir\/2\/files\/2022\/04\/Salle-de-Yoga-2-scaled.jpg","contentUrl":"https:\/\/yoga-laurence-lhermitte.com\/wp-content\/blogs.dir\/2\/files\/2022\/04\/Salle-de-Yoga-2-scaled.jpg"},{"@type":"BreadcrumbList","@id":"https:\/\/yoga-laurence-lhermitte.com\/fr\/les-cours\/cours-collectifs-pour-adultes\/cours-hebdomadaires\/#breadcrumb","itemListElement":[{"@type":"ListItem","position":1,"name":"Accueil","item":"https:\/\/yoga-laurence-lhermitte.com\/fr\/"},{"@type":"ListItem","position":2,"name":"Les cours","item":"https:\/\/yoga-laurence-lhermitte.com\/fr\/les-cours\/"},{"@type":"ListItem","position":3,"name":"Cours collectifs pour adultes","item":"https:\/\/yoga-laurence-lhermitte.com\/fr\/les-cours\/cours-collectifs-pour-adultes\/"},{"@type":"ListItem","position":4,"name":"Cours hebdomadaires"}]},{"@type":"WebSite","@id":"https:\/\/yoga-laurence-lhermitte.com\/fr\/#website","url":"https:\/\/yoga-laurence-lhermitte.com\/fr\/","name":"fr-Yoga Laurence Lhermitte","description":"Yoga-Cours collectifs et particuliers pour adultes et enfants, \u00e0 la Guadeloupe","potentialAction":[{"@type":"SearchAction","target":{"@type":"EntryPoint","urlTemplate":"https:\/\/yoga-laurence-lhermitte.com\/fr\/?s={search_term_string}"},"query-input":{"@type":"PropertyValueSpecification","valueRequired":true,"valueName":"search_term_string"}}],"inLanguage":"fr-FR"}]}},"_links":{"self":[{"href":"https:\/\/yoga-laurence-lhermitte.com\/fr\/wp-json\/wp\/v2\/pages\/2008","targetHints":{"allow":["GET"]}}],"collection":[{"href":"https:\/\/yoga-laurence-lhermitte.com\/fr\/wp-json\/wp\/v2\/pages"}],"about":[{"href":"https:\/\/yoga-laurence-lhermitte.com\/fr\/wp-json\/wp\/v2\/types\/page"}],"author":[{"embeddable":true,"href":"https:\/\/yoga-laurence-lhermitte.com\/fr\/wp-json\/wp\/v2\/users\/1"}],"replies":[{"embeddable":true,"href":"https:\/\/yoga-laurence-lhermitte.com\/fr\/wp-json\/wp\/v2\/comments?post=2008"}],"version-history":[{"count":0,"href":"https:\/\/yoga-laurence-lhermitte.com\/fr\/wp-json\/wp\/v2\/pages\/2008\/revisions"}],"up":[{"embeddable":true,"href":"https:\/\/yoga-laurence-lhermitte.com\/fr\/wp-json\/wp\/v2\/pages\/31"}],"wp:attachment":[{"href":"https:\/\/yoga-laurence-lhermitte.com\/fr\/wp-json\/wp\/v2\/media?parent=2008"}],"curies":[{"name":"wp","href":"https:\/\/api.w.org\/{rel}","templated":true}]}}