{"id":24,"date":"2012-12-01T05:31:40","date_gmt":"2012-12-01T04:31:40","guid":{"rendered":"https:\/\/fr.yoga-laurence-lhermitte.com\/?page_id=24"},"modified":"2022-10-02T11:03:16","modified_gmt":"2022-10-02T09:03:16","slug":"quel-yoga","status":"publish","type":"page","link":"https:\/\/yoga-laurence-lhermitte.com\/fr\/quel-yoga\/","title":{"rendered":"Quel yoga ?"},"content":{"rendered":"<p style=\"text-align: justify\"><img decoding=\"async\" class=\"size-full wp-image-782 alignleft\" style=\"margin-right: 50px\" src=\"https:\/\/yoga-laurence-lhermitte.com\/wp-content\/blogs.dir\/2\/files\/2012\/12\/woman-circonflexe.png\" alt=\"posture chien tete en bas\" width=\"233\" height=\"110\" \/><\/p>\n<h2 style=\"clear: left;margin-top: 160px\">Fil conducteur<\/h2>\n<p>Adapt\u00e9 \u00e0 chacun, quels que soient son \u00e2ge et sa condition physique, le yoga que je propose est tr\u00e8s ax\u00e9 sur le ressenti, sur le respect de soi et des limites de chacun dans les postures, ainsi que sur la coordination entre le mouvement et la respiration. Je vise le retour \u00e0 soi et l&rsquo;int\u00e9riorisation qui nous permettent de retrouver qui nous sommes au plus profond.<\/p>\n<p style=\"text-align: justify\">Je propose, plut\u00f4t que de rechercher \u00e0 tout prix une posture aboutie,\u00a0de prendre le temps de ressentir ce qui se passe en nous ici et maintenant et d&rsquo;accepter dans la bienveillance ce que le corps permet. La respiration consciente est notre guide dans l&rsquo;\u00e9coute de notre corps. Ensemble, nous cherchons \u00e0 maintenir la connexion entre notre centre, \u00e0 l&rsquo;int\u00e9rieur de notre bassin, et nos extr\u00e9mit\u00e9s (sommet du cr\u00e2ne, coccyx, bout des doigts et des orteils). Ainsi, nous nous d\u00e9ployons dans les postures depuis notre centre, sans effondrement et sans \u00e9tirement excessif ; l&rsquo;\u00e9nergie peut circuler.<\/p>\n<p style=\"text-align: justify\">[break]<\/p>\n<h2 style=\"text-align: justify\">Cours collectifs pour adultes<\/h2>\n<p>Inspir\u00e9s de Shri T. Krishnamacharya,\u00a0de\u00a0T. K. V. Desikachar et de B. K. S. Iyengar, les cours collectifs donnent \u00e0 chacun l&rsquo;occasion de se poser, de revenir v\u00e9ritablement \u00e0 soi et de repartir dans l&rsquo;\u00e9nergie positive de la d\u00e9tente. Les \u00e9l\u00e8ves sont invit\u00e9s \u00e0 pratiquer les postures en respectant les possibilit\u00e9s de leur corps au moment de la s\u00e9ance. L&rsquo;important est que chaque posture soit v\u00e9cue de l&rsquo;int\u00e9rieur. Ainsi, les \u00e9l\u00e8ves peuvent apprendre \u00e0 aligner les segments du corps \u00e0 partir de leur ressenti.\u00a0Les alignements pr\u00e9cis du corps dans les postures, qui sont abord\u00e9s tout en souplesse et en fluidit\u00e9, permettent d\u2019atteindre l\u2019essence de chaque posture, qui ne doit pas n\u00e9cessairement \u00eatre aboutie, mais qui doit \u00eatre int\u00e9gr\u00e9e, stable et confortable. Ainsi, les \u00e9l\u00e8ves apprennent \u00e0 travailler en conscience, \u00e0 ressentir de plus en plus en profondeur et \u00e0 se respecter.<\/p>\n<p><span style=\"text-decoration: underline\"> D\u00e9roulement des s\u00e9ances <\/span><br \/>\nLes s\u00e9ances commencent dans l&rsquo;immobilit\u00e9 par une prise de conscience du corps et des sensations, et par des exercices de respiration<em>\u00a0<\/em>(<em>pr\u00e2n\u00e2y\u00e2ma<\/em>). Ensuite, dans ce climat d&rsquo;int\u00e9riorisation, chacun, \u00e0 son rythme et selon ses possibilit\u00e9s du moment, pratique les postures (<em>\u00e2sana<\/em>) propos\u00e9es. Celles-ci peuvent \u00eatre dynamiques (y compris des encha\u00eenements) ou statiques. Le lien avec la respiration est constamment recherch\u00e9. Les s\u00e9ances se terminent par une relaxation guid\u00e9e.<\/p>\n<p>Chaque s\u00e9ance forme un tout construit avec une intention. Le lien entre le corps et l&rsquo;esprit impr\u00e8gne tout le d\u00e9roulement de la s\u00e9ance.<\/p>\n<p><span style=\"text-decoration: underline\">Femmes enceintes et fra\u00eechement accouch\u00e9es<br \/>\n<\/span>Je suis form\u00e9e au yoga pr\u00e9natal et postnatal. Les femmes enceintes ou fra\u00eechement accouch\u00e9es sont les bienvenues. Elles sont particuli\u00e8rement chouchout\u00e9es.<\/p>\n<p>Pr\u00e9voyez\u00a0des v\u00eatements confortables, amples et souples.<\/p>\n<p><a href=\"https:\/\/yoga-laurence-lhermitte.com\/fr\/les-cours\/cours-collectifs-pour-adultes\/\"> \u2192 \u00a0Informations pratiques sur les cours collectifs pour adultes <\/a><\/p>\n<p>[break]<\/p>\n<h2>Cours collectifs pour enfants<\/h2>\n<p style=\"clear: left\"><img decoding=\"async\" class=\"alignleft size-full wp-image-127\" src=\"https:\/\/yoga-laurence-lhermitte.com\/wp-content\/blogs.dir\/2\/files\/2012\/12\/kids-batons2-h61.png\" alt=\"Enfants et yoga\" width=\"136\" height=\"61\" \/>Dans un monde o\u00f9 les sollicitations ainsi que les sources de dispersion et de confusion sont multiples, beaucoup d\u2019enfants ont tendance \u00e0 \u00eatre agit\u00e9s et tendus.\u00a0Par ailleurs, \u00e0 une \u00e9poque o\u00f9 notre mode de vie est caract\u00e9ris\u00e9 par la s\u00e9dentarit\u00e9, m\u00eame les plus jeunes souffrent d\u2019un manque de souplesse et d\u2019une mauvaise coordination des mouvements.\u00a0Les s\u00e9ances visent principalement \u00e0 lutter contre ce fl\u00e9au et \u00e0 ramener de la fluidit\u00e9 dans les mouvements des\u00a0enfants.<\/p>\n<p style=\"clear: left\">Gr\u00e2ce \u00e0 des s\u00e9ances alternant des moments ludiques et des moments impr\u00e9gn\u00e9s de calme, le yoga permet aux enfants de gagner rapidement en souplesse et en agilit\u00e9. Ils deviennent plus conscients de leur corps et de leurs d\u00e9placements dans l\u2019espace, et ils apprennent \u00e0 mieux coordonner leurs mouvements. Ces progr\u00e8s, qu&rsquo;ils ressentent lors des s\u00e9ances, se r\u00e9percutent au-del\u00e0 de celles-ci, dans le quotidien : ils ont davantage confiance en eux, ils se rendent compte petit \u00e0 petit que vivre intens\u00e9ment n&rsquo;est pas synonyme de vitesse, et leurs facult\u00e9s de concentration et d&rsquo;attention s&rsquo;en trouvent am\u00e9lior\u00e9es.<\/p>\n<p>Pr\u00e9voyez\u00a0des v\u00eatements confortables, amples et souples.<\/p>\n<p style=\"clear: left;padding-left: 30px\"><span style=\"color: #870000\"><strong>Yoga pour enfants accompagn\u00e9s d\u2019un adulte<\/strong><\/span><\/p>\n<p style=\"clear: left;padding-left: 30px\">Pratiquer des postures de <span style=\"color: #870000\">yoga \u00e0 deux, un parent et un enfant<\/span>, pour s\u2019amuser, bouger au rythme de la respiration et, tout simplement, \u00eatre ensemble diff\u00e9remment. Les grands retrouvent l\u2019art du jeu et l\u2019agilit\u00e9 de leur enfance. Les petits prennent conscience de leurs mouvements et gagnent en souplesse. Et tout le monde apprend \u00e0 ralentir !<\/p>\n<p style=\"clear: left\"><a title=\"Cours collectifs pour enfants (Viniyoga)\" href=\"https:\/\/yoga-laurence-lhermitte.com\/fr\/les-cours\/cours-collectifs-pour-enfants-viniyoga\/\">\u2192 \u00a0Informations pratiques sur les cours collectifs pour enfants<\/a><\/p>\n<p style=\"clear: left\">\u2192\u00a0 Lire l&rsquo;article <a href=\"https:\/\/yoga-laurence-lhermitte.com\/fr\/actu\/des-petits-yogis-a-lecole-une-experience-pleine-de-promesses\/\">Des petits yogis \u00e0 l&rsquo;\u00e9cole : une exp\u00e9rience pleine de promesses<\/a><\/p>\n<p>[break]<\/p>\n<h2>Cours particuliers<\/h2>\n<p style=\"text-align: justify\">Les cours particuliers sont destin\u00e9s\u00a0aussi bien\u00a0aux adultes de tous \u00e2ges qu&rsquo;aux enfants. Ils permettent de cr\u00e9er\u00a0des s\u00e9ances totalement adapt\u00e9es aux besoins de la personne et ils contribuent au bien-\u00eatre et \u00e0 la sant\u00e9 profonde sur les plans physique, \u00e9motionnel et spirituel.<\/p>\n<p style=\"text-align: justify\">Dans les cas de maladie ou de convalescence, ils permettent d&rsquo;accompagner la personne sur le chemin de la gu\u00e9rison et d&rsquo;\u00e9viter les rechutes. Le yoga ne remplace pas la m\u00e9decine et il ne peut \u00eatre envisag\u00e9 que sur la base d&rsquo;un avis m\u00e9dical ou param\u00e9dical (m\u00e9decin, kin\u00e9sith\u00e9rapeute, ost\u00e9opathe, psychologue ou psychiatre).<\/p>\n<p style=\"text-align: justify\">Comme dans les cours collectifs, le lien entre le corps et l&rsquo;esprit impr\u00e8gne tout le d\u00e9roulement de la s\u00e9ance.<\/p>\n<ul>\n<li style=\"text-align: justify\"><span style=\"color: #870000\"><strong>Yoga\u00a0r\u00e9g\u00e9n\u00e9rant<\/strong><\/span><\/li>\n<\/ul>\n<p>Selon la d\u00e9finition de Judith Hanson Lasater, qui enseigne ce yoga avec passion depuis plus de vingt ans, le yoga r\u00e9g\u00e9n\u00e9rant (<em>restorative yoga<\/em>), c\u2019est \u00ab\u00a0l\u2019utilisation de supports dans les postures afin que le corps soit soutenu dans une position confortable, ce qui induit la relaxation et est b\u00e9n\u00e9fique pour la sant\u00e9\u00a0\u00bb. Il s\u2019agit donc de d\u00e9tendre le corps et l\u2019esprit dans un espace o\u00f9 l\u2019ouverture importe plus que l\u2019\u00e9tirement. In fine, on retrouve la joie du repos r\u00e9parateur.<\/p>\n<ul>\n<li><span style=\"color: #870000\"><strong>Yoga pr\u00e9natal et postnatal<\/strong><\/span><\/li>\n<\/ul>\n<p>Je vous propose des postures adapt\u00e9es \u00e0 tous les stades de la grossesse. Vous pourrez ainsi continuer de pratiquer ou d\u00e9couvrir le yoga pendant ces neuf mois importants. Et votre b\u00e9b\u00e9 en profitera aussi !<\/p>\n<p>Par ailleurs, vous pouvez normalement reprendre le yoga six semaines apr\u00e8s votre accouchement, et je peux vous accompagner dans\u00a0une pratique tout en douceur.<\/p>\n<p>Pr\u00e9voyez\u00a0des v\u00eatements confortables, amples et souples.<\/p>\n<p style=\"text-align: justify\"><a title=\"Cours particuliers\" href=\"https:\/\/yoga-laurence-lhermitte.com\/fr\/les-cours\/cours-particuliers\/\"> \u2192 Informations pratiques sur les cours particuliers <\/a><\/p>\n","protected":false},"excerpt":{"rendered":"<p>Fil conducteur Adapt\u00e9 \u00e0 chacun, quels que soient son \u00e2ge et sa condition physique, le yoga que je propose est tr\u00e8s ax\u00e9 sur le ressenti, sur le respect de soi et des limites de chacun dans les postures, ainsi que sur la coordination entre le mouvement et la respiration. Je vise le retour \u00e0 soi &hellip; <\/p>\n<p class=\"link-more\"><a href=\"https:\/\/yoga-laurence-lhermitte.com\/fr\/quel-yoga\/\" class=\"more-link\">Continuer la lecture <span class=\"screen-reader-text\"> \u00ab\u00a0Quel yoga ?\u00a0\u00bb<\/span><\/a><\/p>\n","protected":false},"author":1,"featured_media":0,"parent":0,"menu_order":0,"comment_status":"closed","ping_status":"closed","template":"","meta":{"footnotes":""},"class_list":["post-24","page","type-page","status-publish","hentry","entry"],"yoast_head":"<!-- This site is optimized with the Yoast SEO plugin v26.8 - https:\/\/yoast.com\/product\/yoast-seo-wordpress\/ -->\n<title>Quel yoga ? - fr-Yoga Laurence Lhermitte<\/title>\n<meta name=\"robots\" content=\"index, follow, max-snippet:-1, max-image-preview:large, max-video-preview:-1\" \/>\n<link rel=\"canonical\" href=\"https:\/\/yoga-laurence-lhermitte.com\/fr\/quel-yoga\/\" \/>\n<meta property=\"og:locale\" content=\"fr_FR\" \/>\n<meta property=\"og:type\" content=\"article\" \/>\n<meta property=\"og:title\" content=\"Quel yoga ? - fr-Yoga Laurence Lhermitte\" \/>\n<meta property=\"og:description\" content=\"Fil conducteur Adapt\u00e9 \u00e0 chacun, quels que soient son \u00e2ge et sa condition physique, le yoga que je propose est tr\u00e8s ax\u00e9 sur le ressenti, sur le respect de soi et des limites de chacun dans les postures, ainsi que sur la coordination entre le mouvement et la respiration. Je vise le retour \u00e0 soi &hellip; Continuer la lecture \u00ab\u00a0Quel yoga ?\u00a0\u00bb\" \/>\n<meta property=\"og:url\" content=\"https:\/\/yoga-laurence-lhermitte.com\/fr\/quel-yoga\/\" \/>\n<meta property=\"og:site_name\" content=\"fr-Yoga Laurence Lhermitte\" \/>\n<meta property=\"article:modified_time\" content=\"2022-10-02T09:03:16+00:00\" \/>\n<meta property=\"og:image\" content=\"https:\/\/yoga-laurence-lhermitte.com\/fr\/files\/2012\/12\/woman-circonflexe.png\" \/>\n<meta name=\"twitter:card\" content=\"summary_large_image\" \/>\n<meta name=\"twitter:label1\" content=\"Dur\u00e9e de lecture estim\u00e9e\" \/>\n\t<meta name=\"twitter:data1\" content=\"6 minutes\" \/>\n<script type=\"application\/ld+json\" class=\"yoast-schema-graph\">{\"@context\":\"https:\/\/schema.org\",\"@graph\":[{\"@type\":\"WebPage\",\"@id\":\"https:\/\/yoga-laurence-lhermitte.com\/fr\/quel-yoga\/\",\"url\":\"https:\/\/yoga-laurence-lhermitte.com\/fr\/quel-yoga\/\",\"name\":\"Quel yoga ? - fr-Yoga Laurence Lhermitte\",\"isPartOf\":{\"@id\":\"https:\/\/yoga-laurence-lhermitte.com\/fr\/#website\"},\"primaryImageOfPage\":{\"@id\":\"https:\/\/yoga-laurence-lhermitte.com\/fr\/quel-yoga\/#primaryimage\"},\"image\":{\"@id\":\"https:\/\/yoga-laurence-lhermitte.com\/fr\/quel-yoga\/#primaryimage\"},\"thumbnailUrl\":\"https:\/\/yoga-laurence-lhermitte.com\/wp-content\/blogs.dir\/2\/files\/2012\/12\/woman-circonflexe.png\",\"datePublished\":\"2012-12-01T04:31:40+00:00\",\"dateModified\":\"2022-10-02T09:03:16+00:00\",\"breadcrumb\":{\"@id\":\"https:\/\/yoga-laurence-lhermitte.com\/fr\/quel-yoga\/#breadcrumb\"},\"inLanguage\":\"fr-FR\",\"potentialAction\":[{\"@type\":\"ReadAction\",\"target\":[\"https:\/\/yoga-laurence-lhermitte.com\/fr\/quel-yoga\/\"]}]},{\"@type\":\"ImageObject\",\"inLanguage\":\"fr-FR\",\"@id\":\"https:\/\/yoga-laurence-lhermitte.com\/fr\/quel-yoga\/#primaryimage\",\"url\":\"https:\/\/yoga-laurence-lhermitte.com\/wp-content\/blogs.dir\/2\/files\/2012\/12\/woman-circonflexe.png\",\"contentUrl\":\"https:\/\/yoga-laurence-lhermitte.com\/wp-content\/blogs.dir\/2\/files\/2012\/12\/woman-circonflexe.png\"},{\"@type\":\"BreadcrumbList\",\"@id\":\"https:\/\/yoga-laurence-lhermitte.com\/fr\/quel-yoga\/#breadcrumb\",\"itemListElement\":[{\"@type\":\"ListItem\",\"position\":1,\"name\":\"Accueil\",\"item\":\"https:\/\/yoga-laurence-lhermitte.com\/fr\/\"},{\"@type\":\"ListItem\",\"position\":2,\"name\":\"Quel yoga ?\"}]},{\"@type\":\"WebSite\",\"@id\":\"https:\/\/yoga-laurence-lhermitte.com\/fr\/#website\",\"url\":\"https:\/\/yoga-laurence-lhermitte.com\/fr\/\",\"name\":\"fr-Yoga Laurence Lhermitte\",\"description\":\"Yoga-Cours collectifs et particuliers pour adultes et enfants, \u00e0 la Guadeloupe\",\"potentialAction\":[{\"@type\":\"SearchAction\",\"target\":{\"@type\":\"EntryPoint\",\"urlTemplate\":\"https:\/\/yoga-laurence-lhermitte.com\/fr\/?s={search_term_string}\"},\"query-input\":{\"@type\":\"PropertyValueSpecification\",\"valueRequired\":true,\"valueName\":\"search_term_string\"}}],\"inLanguage\":\"fr-FR\"}]}<\/script>\n<!-- \/ Yoast SEO plugin. -->","yoast_head_json":{"title":"Quel yoga ? - fr-Yoga Laurence Lhermitte","robots":{"index":"index","follow":"follow","max-snippet":"max-snippet:-1","max-image-preview":"max-image-preview:large","max-video-preview":"max-video-preview:-1"},"canonical":"https:\/\/yoga-laurence-lhermitte.com\/fr\/quel-yoga\/","og_locale":"fr_FR","og_type":"article","og_title":"Quel yoga ? - fr-Yoga Laurence Lhermitte","og_description":"Fil conducteur Adapt\u00e9 \u00e0 chacun, quels que soient son \u00e2ge et sa condition physique, le yoga que je propose est tr\u00e8s ax\u00e9 sur le ressenti, sur le respect de soi et des limites de chacun dans les postures, ainsi que sur la coordination entre le mouvement et la respiration. Je vise le retour \u00e0 soi &hellip; Continuer la lecture \u00ab\u00a0Quel yoga ?\u00a0\u00bb","og_url":"https:\/\/yoga-laurence-lhermitte.com\/fr\/quel-yoga\/","og_site_name":"fr-Yoga Laurence Lhermitte","article_modified_time":"2022-10-02T09:03:16+00:00","og_image":[{"url":"https:\/\/yoga-laurence-lhermitte.com\/fr\/files\/2012\/12\/woman-circonflexe.png","type":"","width":"","height":""}],"twitter_card":"summary_large_image","twitter_misc":{"Dur\u00e9e de lecture estim\u00e9e":"6 minutes"},"schema":{"@context":"https:\/\/schema.org","@graph":[{"@type":"WebPage","@id":"https:\/\/yoga-laurence-lhermitte.com\/fr\/quel-yoga\/","url":"https:\/\/yoga-laurence-lhermitte.com\/fr\/quel-yoga\/","name":"Quel yoga ? - fr-Yoga Laurence Lhermitte","isPartOf":{"@id":"https:\/\/yoga-laurence-lhermitte.com\/fr\/#website"},"primaryImageOfPage":{"@id":"https:\/\/yoga-laurence-lhermitte.com\/fr\/quel-yoga\/#primaryimage"},"image":{"@id":"https:\/\/yoga-laurence-lhermitte.com\/fr\/quel-yoga\/#primaryimage"},"thumbnailUrl":"https:\/\/yoga-laurence-lhermitte.com\/wp-content\/blogs.dir\/2\/files\/2012\/12\/woman-circonflexe.png","datePublished":"2012-12-01T04:31:40+00:00","dateModified":"2022-10-02T09:03:16+00:00","breadcrumb":{"@id":"https:\/\/yoga-laurence-lhermitte.com\/fr\/quel-yoga\/#breadcrumb"},"inLanguage":"fr-FR","potentialAction":[{"@type":"ReadAction","target":["https:\/\/yoga-laurence-lhermitte.com\/fr\/quel-yoga\/"]}]},{"@type":"ImageObject","inLanguage":"fr-FR","@id":"https:\/\/yoga-laurence-lhermitte.com\/fr\/quel-yoga\/#primaryimage","url":"https:\/\/yoga-laurence-lhermitte.com\/wp-content\/blogs.dir\/2\/files\/2012\/12\/woman-circonflexe.png","contentUrl":"https:\/\/yoga-laurence-lhermitte.com\/wp-content\/blogs.dir\/2\/files\/2012\/12\/woman-circonflexe.png"},{"@type":"BreadcrumbList","@id":"https:\/\/yoga-laurence-lhermitte.com\/fr\/quel-yoga\/#breadcrumb","itemListElement":[{"@type":"ListItem","position":1,"name":"Accueil","item":"https:\/\/yoga-laurence-lhermitte.com\/fr\/"},{"@type":"ListItem","position":2,"name":"Quel yoga ?"}]},{"@type":"WebSite","@id":"https:\/\/yoga-laurence-lhermitte.com\/fr\/#website","url":"https:\/\/yoga-laurence-lhermitte.com\/fr\/","name":"fr-Yoga Laurence Lhermitte","description":"Yoga-Cours collectifs et particuliers pour adultes et enfants, \u00e0 la Guadeloupe","potentialAction":[{"@type":"SearchAction","target":{"@type":"EntryPoint","urlTemplate":"https:\/\/yoga-laurence-lhermitte.com\/fr\/?s={search_term_string}"},"query-input":{"@type":"PropertyValueSpecification","valueRequired":true,"valueName":"search_term_string"}}],"inLanguage":"fr-FR"}]}},"_links":{"self":[{"href":"https:\/\/yoga-laurence-lhermitte.com\/fr\/wp-json\/wp\/v2\/pages\/24","targetHints":{"allow":["GET"]}}],"collection":[{"href":"https:\/\/yoga-laurence-lhermitte.com\/fr\/wp-json\/wp\/v2\/pages"}],"about":[{"href":"https:\/\/yoga-laurence-lhermitte.com\/fr\/wp-json\/wp\/v2\/types\/page"}],"author":[{"embeddable":true,"href":"https:\/\/yoga-laurence-lhermitte.com\/fr\/wp-json\/wp\/v2\/users\/1"}],"replies":[{"embeddable":true,"href":"https:\/\/yoga-laurence-lhermitte.com\/fr\/wp-json\/wp\/v2\/comments?post=24"}],"version-history":[{"count":1,"href":"https:\/\/yoga-laurence-lhermitte.com\/fr\/wp-json\/wp\/v2\/pages\/24\/revisions"}],"predecessor-version":[{"id":4854,"href":"https:\/\/yoga-laurence-lhermitte.com\/fr\/wp-json\/wp\/v2\/pages\/24\/revisions\/4854"}],"wp:attachment":[{"href":"https:\/\/yoga-laurence-lhermitte.com\/fr\/wp-json\/wp\/v2\/media?parent=24"}],"curies":[{"name":"wp","href":"https:\/\/api.w.org\/{rel}","templated":true}]}}