{"id":35,"date":"2012-12-01T05:39:44","date_gmt":"2012-12-01T04:39:44","guid":{"rendered":"https:\/\/fr.yoga-laurence-lhermitte.com\/?page_id=35"},"modified":"2020-12-01T14:11:07","modified_gmt":"2020-12-01T13:11:07","slug":"cours-particuliers","status":"publish","type":"page","link":"https:\/\/yoga-laurence-lhermitte.com\/fr\/les-cours\/cours-particuliers\/","title":{"rendered":"Cours particuliers"},"content":{"rendered":"<p style=\"clear: left\">[toc][\/toc]<\/p>\n<h2>[break][break][break][break][break][break][break][break][break][break]Ce que je propose &#8230; entre autres choses<\/h2>\n<p><span class=\"Apple-style-span\">Au choix :<\/span><\/p>\n<ul>\n<li>yoga ;<\/li>\n<li>yoga r\u00e9g\u00e9n\u00e9rant ;<\/li>\n<li>yoga pr\u00e9natal ou postnatal.<\/li>\n<\/ul>\n<h2>[break]En savoir plus<\/h2>\n<p>Voir la page\u00a0<a title=\"Quel yoga ?\" href=\"https:\/\/yoga-laurence-lhermitte.com\/fr\/quel-yoga\/\">Quel yoga ?<\/a><\/p>\n<h2 style=\"clear: left\">[break]Lieu et horaire<\/h2>\n<p>Chez vous, chez moi ou en ligne (Zoom), \u00e0 l&rsquo;heure que nous choisirons ensemble.<\/p>\n<p>[break]<\/p>\n<h2>Tarifs<\/h2>\n<p>50 euros par cours. 140 euros pour 3 cours.<br \/>\nLes s\u00e9ances durent entre une heure et une heure et demie.<br \/>\n<span style=\"font-size: 12px\">(Que nul ne soit arr\u00eat\u00e9 par un souci financier. N&rsquo;h\u00e9sitez pas \u00e0 m&rsquo;en parler.)<\/span><\/p>\n<p>[break]<\/p>\n<h2><span id=\"Pour_votre_confort\">Pour votre confort<\/span><\/h2>\n<ul>\n<li>Pour que le cours commence \u00e0 l&rsquo;heure, merci d&rsquo;arriver 5 minutes \u00e0 l&rsquo;avance.<\/li>\n<li>Les tapis sont fournis, mais n&rsquo;h\u00e9sitez pas \u00e0 prendre le v\u00f4tre.<\/li>\n<li>Le yoga se pratique \u00e0 jeun.<\/li>\n<\/ul>\n<h3>Femmes enceintes ou fra\u00eechement accouch\u00e9es<\/h3>\n<ul>\n<li>Elles sont les bienvenues \u00e0 mes cours. Elles sont particuli\u00e8rement chouchout\u00e9es.<\/li>\n<\/ul>\n<h2>[break]Prendre rendez-vous<\/h2>\n<p><a title=\"Contact\" href=\"https:\/\/yoga-laurence-lhermitte.com\/fr\/contact\/\">Contactez-moi<\/a><\/p>\n<p>[break]<\/p>\n<h2>\u00a0<\/h2>\n","protected":false},"excerpt":{"rendered":"<p>[toc][\/toc] [break][break][break][break][break][break][break][break][break][break]Ce que je propose &#8230; entre autres choses Au choix : yoga ; yoga r\u00e9g\u00e9n\u00e9rant ; yoga pr\u00e9natal ou postnatal. [break]En savoir plus Voir la page\u00a0Quel yoga ? [break]Lieu et horaire Chez vous, chez moi ou en ligne (Zoom), \u00e0 l&rsquo;heure que nous choisirons ensemble. [break] Tarifs 50 euros par cours. 140 euros pour &hellip; <\/p>\n<p class=\"link-more\"><a href=\"https:\/\/yoga-laurence-lhermitte.com\/fr\/les-cours\/cours-particuliers\/\" class=\"more-link\">Continuer la lecture <span class=\"screen-reader-text\"> \u00ab\u00a0Cours particuliers\u00a0\u00bb<\/span><\/a><\/p>\n","protected":false},"author":1,"featured_media":0,"parent":26,"menu_order":0,"comment_status":"closed","ping_status":"closed","template":"","meta":{"footnotes":""},"class_list":["post-35","page","type-page","status-publish","hentry","entry"],"yoast_head":"<!-- This site is optimized with the Yoast SEO plugin v26.8 - https:\/\/yoast.com\/product\/yoast-seo-wordpress\/ -->\n<title>Cours particuliers - fr-Yoga Laurence Lhermitte<\/title>\n<meta name=\"robots\" content=\"index, follow, max-snippet:-1, max-image-preview:large, max-video-preview:-1\" \/>\n<link rel=\"canonical\" href=\"https:\/\/yoga-laurence-lhermitte.com\/fr\/les-cours\/cours-particuliers\/\" \/>\n<meta property=\"og:locale\" content=\"fr_FR\" \/>\n<meta property=\"og:type\" content=\"article\" \/>\n<meta property=\"og:title\" content=\"Cours particuliers - fr-Yoga Laurence Lhermitte\" \/>\n<meta property=\"og:description\" content=\"[toc][\/toc] [break][break][break][break][break][break][break][break][break][break]Ce que je propose &#8230; entre autres choses Au choix : yoga ; yoga r\u00e9g\u00e9n\u00e9rant ; yoga pr\u00e9natal ou postnatal. [break]En savoir plus Voir la page\u00a0Quel yoga ? [break]Lieu et horaire Chez vous, chez moi ou en ligne (Zoom), \u00e0 l&rsquo;heure que nous choisirons ensemble. [break] Tarifs 50 euros par cours. 140 euros pour &hellip; Continuer la lecture \u00ab\u00a0Cours particuliers\u00a0\u00bb\" \/>\n<meta property=\"og:url\" content=\"https:\/\/yoga-laurence-lhermitte.com\/fr\/les-cours\/cours-particuliers\/\" \/>\n<meta property=\"og:site_name\" content=\"fr-Yoga Laurence Lhermitte\" \/>\n<meta property=\"article:modified_time\" content=\"2020-12-01T13:11:07+00:00\" \/>\n<meta name=\"twitter:card\" content=\"summary_large_image\" \/>\n<script type=\"application\/ld+json\" class=\"yoast-schema-graph\">{\"@context\":\"https:\/\/schema.org\",\"@graph\":[{\"@type\":\"WebPage\",\"@id\":\"https:\/\/yoga-laurence-lhermitte.com\/fr\/les-cours\/cours-particuliers\/\",\"url\":\"https:\/\/yoga-laurence-lhermitte.com\/fr\/les-cours\/cours-particuliers\/\",\"name\":\"Cours particuliers - fr-Yoga Laurence Lhermitte\",\"isPartOf\":{\"@id\":\"https:\/\/yoga-laurence-lhermitte.com\/fr\/#website\"},\"datePublished\":\"2012-12-01T04:39:44+00:00\",\"dateModified\":\"2020-12-01T13:11:07+00:00\",\"breadcrumb\":{\"@id\":\"https:\/\/yoga-laurence-lhermitte.com\/fr\/les-cours\/cours-particuliers\/#breadcrumb\"},\"inLanguage\":\"fr-FR\",\"potentialAction\":[{\"@type\":\"ReadAction\",\"target\":[\"https:\/\/yoga-laurence-lhermitte.com\/fr\/les-cours\/cours-particuliers\/\"]}]},{\"@type\":\"BreadcrumbList\",\"@id\":\"https:\/\/yoga-laurence-lhermitte.com\/fr\/les-cours\/cours-particuliers\/#breadcrumb\",\"itemListElement\":[{\"@type\":\"ListItem\",\"position\":1,\"name\":\"Accueil\",\"item\":\"https:\/\/yoga-laurence-lhermitte.com\/fr\/\"},{\"@type\":\"ListItem\",\"position\":2,\"name\":\"Les cours\",\"item\":\"https:\/\/yoga-laurence-lhermitte.com\/fr\/les-cours\/\"},{\"@type\":\"ListItem\",\"position\":3,\"name\":\"Cours particuliers\"}]},{\"@type\":\"WebSite\",\"@id\":\"https:\/\/yoga-laurence-lhermitte.com\/fr\/#website\",\"url\":\"https:\/\/yoga-laurence-lhermitte.com\/fr\/\",\"name\":\"fr-Yoga Laurence Lhermitte\",\"description\":\"Yoga-Cours collectifs et particuliers pour adultes et enfants, \u00e0 la Guadeloupe\",\"potentialAction\":[{\"@type\":\"SearchAction\",\"target\":{\"@type\":\"EntryPoint\",\"urlTemplate\":\"https:\/\/yoga-laurence-lhermitte.com\/fr\/?s={search_term_string}\"},\"query-input\":{\"@type\":\"PropertyValueSpecification\",\"valueRequired\":true,\"valueName\":\"search_term_string\"}}],\"inLanguage\":\"fr-FR\"}]}<\/script>\n<!-- \/ Yoast SEO plugin. -->","yoast_head_json":{"title":"Cours particuliers - fr-Yoga Laurence Lhermitte","robots":{"index":"index","follow":"follow","max-snippet":"max-snippet:-1","max-image-preview":"max-image-preview:large","max-video-preview":"max-video-preview:-1"},"canonical":"https:\/\/yoga-laurence-lhermitte.com\/fr\/les-cours\/cours-particuliers\/","og_locale":"fr_FR","og_type":"article","og_title":"Cours particuliers - fr-Yoga Laurence Lhermitte","og_description":"[toc][\/toc] [break][break][break][break][break][break][break][break][break][break]Ce que je propose &#8230; entre autres choses Au choix : yoga ; yoga r\u00e9g\u00e9n\u00e9rant ; yoga pr\u00e9natal ou postnatal. [break]En savoir plus Voir la page\u00a0Quel yoga ? [break]Lieu et horaire Chez vous, chez moi ou en ligne (Zoom), \u00e0 l&rsquo;heure que nous choisirons ensemble. [break] Tarifs 50 euros par cours. 140 euros pour &hellip; Continuer la lecture \u00ab\u00a0Cours particuliers\u00a0\u00bb","og_url":"https:\/\/yoga-laurence-lhermitte.com\/fr\/les-cours\/cours-particuliers\/","og_site_name":"fr-Yoga Laurence Lhermitte","article_modified_time":"2020-12-01T13:11:07+00:00","twitter_card":"summary_large_image","schema":{"@context":"https:\/\/schema.org","@graph":[{"@type":"WebPage","@id":"https:\/\/yoga-laurence-lhermitte.com\/fr\/les-cours\/cours-particuliers\/","url":"https:\/\/yoga-laurence-lhermitte.com\/fr\/les-cours\/cours-particuliers\/","name":"Cours particuliers - fr-Yoga Laurence Lhermitte","isPartOf":{"@id":"https:\/\/yoga-laurence-lhermitte.com\/fr\/#website"},"datePublished":"2012-12-01T04:39:44+00:00","dateModified":"2020-12-01T13:11:07+00:00","breadcrumb":{"@id":"https:\/\/yoga-laurence-lhermitte.com\/fr\/les-cours\/cours-particuliers\/#breadcrumb"},"inLanguage":"fr-FR","potentialAction":[{"@type":"ReadAction","target":["https:\/\/yoga-laurence-lhermitte.com\/fr\/les-cours\/cours-particuliers\/"]}]},{"@type":"BreadcrumbList","@id":"https:\/\/yoga-laurence-lhermitte.com\/fr\/les-cours\/cours-particuliers\/#breadcrumb","itemListElement":[{"@type":"ListItem","position":1,"name":"Accueil","item":"https:\/\/yoga-laurence-lhermitte.com\/fr\/"},{"@type":"ListItem","position":2,"name":"Les cours","item":"https:\/\/yoga-laurence-lhermitte.com\/fr\/les-cours\/"},{"@type":"ListItem","position":3,"name":"Cours particuliers"}]},{"@type":"WebSite","@id":"https:\/\/yoga-laurence-lhermitte.com\/fr\/#website","url":"https:\/\/yoga-laurence-lhermitte.com\/fr\/","name":"fr-Yoga Laurence Lhermitte","description":"Yoga-Cours collectifs et particuliers pour adultes et enfants, \u00e0 la Guadeloupe","potentialAction":[{"@type":"SearchAction","target":{"@type":"EntryPoint","urlTemplate":"https:\/\/yoga-laurence-lhermitte.com\/fr\/?s={search_term_string}"},"query-input":{"@type":"PropertyValueSpecification","valueRequired":true,"valueName":"search_term_string"}}],"inLanguage":"fr-FR"}]}},"_links":{"self":[{"href":"https:\/\/yoga-laurence-lhermitte.com\/fr\/wp-json\/wp\/v2\/pages\/35","targetHints":{"allow":["GET"]}}],"collection":[{"href":"https:\/\/yoga-laurence-lhermitte.com\/fr\/wp-json\/wp\/v2\/pages"}],"about":[{"href":"https:\/\/yoga-laurence-lhermitte.com\/fr\/wp-json\/wp\/v2\/types\/page"}],"author":[{"embeddable":true,"href":"https:\/\/yoga-laurence-lhermitte.com\/fr\/wp-json\/wp\/v2\/users\/1"}],"replies":[{"embeddable":true,"href":"https:\/\/yoga-laurence-lhermitte.com\/fr\/wp-json\/wp\/v2\/comments?post=35"}],"version-history":[{"count":0,"href":"https:\/\/yoga-laurence-lhermitte.com\/fr\/wp-json\/wp\/v2\/pages\/35\/revisions"}],"up":[{"embeddable":true,"href":"https:\/\/yoga-laurence-lhermitte.com\/fr\/wp-json\/wp\/v2\/pages\/26"}],"wp:attachment":[{"href":"https:\/\/yoga-laurence-lhermitte.com\/fr\/wp-json\/wp\/v2\/media?parent=35"}],"curies":[{"name":"wp","href":"https:\/\/api.w.org\/{rel}","templated":true}]}}