{"id":3628,"date":"2018-04-11T09:47:44","date_gmt":"2018-04-11T07:47:44","guid":{"rendered":"https:\/\/fr.yoga-laurence-lhermitte.com\/?page_id=3628"},"modified":"2019-04-17T15:30:35","modified_gmt":"2019-04-17T13:30:35","slug":"yoga-en-entreprise","status":"publish","type":"page","link":"https:\/\/yoga-laurence-lhermitte.com\/fr\/yoga-en-entreprise\/","title":{"rendered":"Yoga en entreprise"},"content":{"rendered":"<p>Une s\u00e9ance de yoga permet aux participants d&rsquo;oublier le stress, de retrouver l&rsquo;\u00e9nergie propice \u00e0 la concentration et \u00e0 la cr\u00e9ativit\u00e9, et d&rsquo;avoir une vue plus large de leurs t\u00e2ches et de tout ce qu&rsquo;elles impliquent. La s\u00e9ance est comme une r\u00e9-cr\u00e9ation dont les participants ressortent neufs.<\/p>\n<p>Dans ces s\u00e9ances, je veille en particulier \u00e0 d\u00e9nouer les tensions gr\u00e2ce \u00e0 la respiration et \u00e0 des mouvements doux.<\/p>\n<p>La pratique portant ses fruits dans la dur\u00e9e, je pr\u00e9conise une s\u00e9ance par semaine.<\/p>\n<p>Il suffit d&rsquo;une pi\u00e8ce \u00e0 l&rsquo;\u00e9cart du bruit pouvant accueillir une douzaine de participants et d&rsquo;un tapis par personne.\u00a0Les participants viennent en tenue souple.<\/p>\n<p>&nbsp;<\/p>\n<h3 style=\"padding-left: 40px\">T\u00e9moignages<\/h3>\n<p style=\"padding-left: 40px\"><em>Merci Laurence de m\u2019avoir permis une d\u00e9tente appr\u00e9ci\u00e9e et utile lors des cours que tu nous as donn\u00e9s, une fois par semaine, au staff administratif et technique.<\/em><br \/>\n<em>Ce moment de l\u00e2cher-prise \u00e9tait bien souvent n\u00e9cessaire au milieu de journ\u00e9es enthousiasmantes mais bien charg\u00e9es. <\/em><br \/>\n<em>Merci pour ce que tu m\u2019as apport\u00e9.<\/em><br \/>\nColette Lefebvre<\/p>\n<p>&nbsp;<\/p>\n<p style=\"padding-left: 40px\"><em>MERCI Laurence de ces quelques ann\u00e9es pour nos R.D.V. \u00e0 tes cours de yoga sur l\u2019heure de midi. Je ne pratiquais pas cette discipline, je ne te connaissais pas, mais quelle merveilleuse d\u00e9couverte !<\/em><br \/>\n<em>Prendre conscience et connaissance de son corps. Que de postures et leur vocabulaire, et quelle d\u00e9tente au final ! Merci pour tes rires, ton \u00e9coute, tes corrections et explications.<br \/>\n<\/em>Marie-Jeanne Bertrand<\/p>\n<p>&nbsp;<\/p>\n","protected":false},"excerpt":{"rendered":"<p>Une s\u00e9ance de yoga permet aux participants d&rsquo;oublier le stress, de retrouver l&rsquo;\u00e9nergie propice \u00e0 la concentration et \u00e0 la cr\u00e9ativit\u00e9, et d&rsquo;avoir une vue plus large de leurs t\u00e2ches et de tout ce qu&rsquo;elles impliquent. La s\u00e9ance est comme une r\u00e9-cr\u00e9ation dont les participants ressortent neufs. Dans ces s\u00e9ances, je veille en particulier \u00e0 &hellip; <\/p>\n<p class=\"link-more\"><a href=\"https:\/\/yoga-laurence-lhermitte.com\/fr\/yoga-en-entreprise\/\" class=\"more-link\">Continuer la lecture <span class=\"screen-reader-text\"> \u00ab\u00a0Yoga en entreprise\u00a0\u00bb<\/span><\/a><\/p>\n","protected":false},"author":2,"featured_media":0,"parent":0,"menu_order":0,"comment_status":"closed","ping_status":"closed","template":"","meta":{"footnotes":""},"class_list":["post-3628","page","type-page","status-publish","hentry","entry"],"yoast_head":"<!-- This site is optimized with the Yoast SEO plugin v26.8 - https:\/\/yoast.com\/product\/yoast-seo-wordpress\/ -->\n<title>Yoga en entreprise - fr-Yoga Laurence Lhermitte<\/title>\n<meta name=\"robots\" content=\"index, follow, max-snippet:-1, max-image-preview:large, max-video-preview:-1\" \/>\n<link rel=\"canonical\" href=\"https:\/\/yoga-laurence-lhermitte.com\/fr\/yoga-en-entreprise\/\" \/>\n<meta property=\"og:locale\" content=\"fr_FR\" \/>\n<meta property=\"og:type\" content=\"article\" \/>\n<meta property=\"og:title\" content=\"Yoga en entreprise - fr-Yoga Laurence Lhermitte\" \/>\n<meta property=\"og:description\" content=\"Une s\u00e9ance de yoga permet aux participants d&rsquo;oublier le stress, de retrouver l&rsquo;\u00e9nergie propice \u00e0 la concentration et \u00e0 la cr\u00e9ativit\u00e9, et d&rsquo;avoir une vue plus large de leurs t\u00e2ches et de tout ce qu&rsquo;elles impliquent. La s\u00e9ance est comme une r\u00e9-cr\u00e9ation dont les participants ressortent neufs. Dans ces s\u00e9ances, je veille en particulier \u00e0 &hellip; Continuer la lecture \u00ab\u00a0Yoga en entreprise\u00a0\u00bb\" \/>\n<meta property=\"og:url\" content=\"https:\/\/yoga-laurence-lhermitte.com\/fr\/yoga-en-entreprise\/\" \/>\n<meta property=\"og:site_name\" content=\"fr-Yoga Laurence Lhermitte\" \/>\n<meta property=\"article:modified_time\" content=\"2019-04-17T13:30:35+00:00\" \/>\n<meta name=\"twitter:card\" content=\"summary_large_image\" \/>\n<script type=\"application\/ld+json\" class=\"yoast-schema-graph\">{\"@context\":\"https:\/\/schema.org\",\"@graph\":[{\"@type\":\"WebPage\",\"@id\":\"https:\/\/yoga-laurence-lhermitte.com\/fr\/yoga-en-entreprise\/\",\"url\":\"https:\/\/yoga-laurence-lhermitte.com\/fr\/yoga-en-entreprise\/\",\"name\":\"Yoga en entreprise - fr-Yoga Laurence Lhermitte\",\"isPartOf\":{\"@id\":\"https:\/\/yoga-laurence-lhermitte.com\/fr\/#website\"},\"datePublished\":\"2018-04-11T07:47:44+00:00\",\"dateModified\":\"2019-04-17T13:30:35+00:00\",\"breadcrumb\":{\"@id\":\"https:\/\/yoga-laurence-lhermitte.com\/fr\/yoga-en-entreprise\/#breadcrumb\"},\"inLanguage\":\"fr-FR\",\"potentialAction\":[{\"@type\":\"ReadAction\",\"target\":[\"https:\/\/yoga-laurence-lhermitte.com\/fr\/yoga-en-entreprise\/\"]}]},{\"@type\":\"BreadcrumbList\",\"@id\":\"https:\/\/yoga-laurence-lhermitte.com\/fr\/yoga-en-entreprise\/#breadcrumb\",\"itemListElement\":[{\"@type\":\"ListItem\",\"position\":1,\"name\":\"Accueil\",\"item\":\"https:\/\/yoga-laurence-lhermitte.com\/fr\/\"},{\"@type\":\"ListItem\",\"position\":2,\"name\":\"Yoga en entreprise\"}]},{\"@type\":\"WebSite\",\"@id\":\"https:\/\/yoga-laurence-lhermitte.com\/fr\/#website\",\"url\":\"https:\/\/yoga-laurence-lhermitte.com\/fr\/\",\"name\":\"fr-Yoga Laurence Lhermitte\",\"description\":\"Yoga-Cours collectifs et particuliers pour adultes et enfants, \u00e0 la Guadeloupe\",\"potentialAction\":[{\"@type\":\"SearchAction\",\"target\":{\"@type\":\"EntryPoint\",\"urlTemplate\":\"https:\/\/yoga-laurence-lhermitte.com\/fr\/?s={search_term_string}\"},\"query-input\":{\"@type\":\"PropertyValueSpecification\",\"valueRequired\":true,\"valueName\":\"search_term_string\"}}],\"inLanguage\":\"fr-FR\"}]}<\/script>\n<!-- \/ Yoast SEO plugin. -->","yoast_head_json":{"title":"Yoga en entreprise - fr-Yoga Laurence Lhermitte","robots":{"index":"index","follow":"follow","max-snippet":"max-snippet:-1","max-image-preview":"max-image-preview:large","max-video-preview":"max-video-preview:-1"},"canonical":"https:\/\/yoga-laurence-lhermitte.com\/fr\/yoga-en-entreprise\/","og_locale":"fr_FR","og_type":"article","og_title":"Yoga en entreprise - fr-Yoga Laurence Lhermitte","og_description":"Une s\u00e9ance de yoga permet aux participants d&rsquo;oublier le stress, de retrouver l&rsquo;\u00e9nergie propice \u00e0 la concentration et \u00e0 la cr\u00e9ativit\u00e9, et d&rsquo;avoir une vue plus large de leurs t\u00e2ches et de tout ce qu&rsquo;elles impliquent. La s\u00e9ance est comme une r\u00e9-cr\u00e9ation dont les participants ressortent neufs. Dans ces s\u00e9ances, je veille en particulier \u00e0 &hellip; Continuer la lecture \u00ab\u00a0Yoga en entreprise\u00a0\u00bb","og_url":"https:\/\/yoga-laurence-lhermitte.com\/fr\/yoga-en-entreprise\/","og_site_name":"fr-Yoga Laurence Lhermitte","article_modified_time":"2019-04-17T13:30:35+00:00","twitter_card":"summary_large_image","schema":{"@context":"https:\/\/schema.org","@graph":[{"@type":"WebPage","@id":"https:\/\/yoga-laurence-lhermitte.com\/fr\/yoga-en-entreprise\/","url":"https:\/\/yoga-laurence-lhermitte.com\/fr\/yoga-en-entreprise\/","name":"Yoga en entreprise - fr-Yoga Laurence Lhermitte","isPartOf":{"@id":"https:\/\/yoga-laurence-lhermitte.com\/fr\/#website"},"datePublished":"2018-04-11T07:47:44+00:00","dateModified":"2019-04-17T13:30:35+00:00","breadcrumb":{"@id":"https:\/\/yoga-laurence-lhermitte.com\/fr\/yoga-en-entreprise\/#breadcrumb"},"inLanguage":"fr-FR","potentialAction":[{"@type":"ReadAction","target":["https:\/\/yoga-laurence-lhermitte.com\/fr\/yoga-en-entreprise\/"]}]},{"@type":"BreadcrumbList","@id":"https:\/\/yoga-laurence-lhermitte.com\/fr\/yoga-en-entreprise\/#breadcrumb","itemListElement":[{"@type":"ListItem","position":1,"name":"Accueil","item":"https:\/\/yoga-laurence-lhermitte.com\/fr\/"},{"@type":"ListItem","position":2,"name":"Yoga en entreprise"}]},{"@type":"WebSite","@id":"https:\/\/yoga-laurence-lhermitte.com\/fr\/#website","url":"https:\/\/yoga-laurence-lhermitte.com\/fr\/","name":"fr-Yoga Laurence Lhermitte","description":"Yoga-Cours collectifs et particuliers pour adultes et enfants, \u00e0 la Guadeloupe","potentialAction":[{"@type":"SearchAction","target":{"@type":"EntryPoint","urlTemplate":"https:\/\/yoga-laurence-lhermitte.com\/fr\/?s={search_term_string}"},"query-input":{"@type":"PropertyValueSpecification","valueRequired":true,"valueName":"search_term_string"}}],"inLanguage":"fr-FR"}]}},"_links":{"self":[{"href":"https:\/\/yoga-laurence-lhermitte.com\/fr\/wp-json\/wp\/v2\/pages\/3628","targetHints":{"allow":["GET"]}}],"collection":[{"href":"https:\/\/yoga-laurence-lhermitte.com\/fr\/wp-json\/wp\/v2\/pages"}],"about":[{"href":"https:\/\/yoga-laurence-lhermitte.com\/fr\/wp-json\/wp\/v2\/types\/page"}],"author":[{"embeddable":true,"href":"https:\/\/yoga-laurence-lhermitte.com\/fr\/wp-json\/wp\/v2\/users\/2"}],"replies":[{"embeddable":true,"href":"https:\/\/yoga-laurence-lhermitte.com\/fr\/wp-json\/wp\/v2\/comments?post=3628"}],"version-history":[{"count":0,"href":"https:\/\/yoga-laurence-lhermitte.com\/fr\/wp-json\/wp\/v2\/pages\/3628\/revisions"}],"wp:attachment":[{"href":"https:\/\/yoga-laurence-lhermitte.com\/fr\/wp-json\/wp\/v2\/media?parent=3628"}],"curies":[{"name":"wp","href":"https:\/\/api.w.org\/{rel}","templated":true}]}}