{"id":3988,"date":"2019-04-14T10:15:26","date_gmt":"2019-04-14T08:15:26","guid":{"rendered":"https:\/\/fr.yoga-laurence-lhermitte.com\/?page_id=3988"},"modified":"2022-05-11T10:13:19","modified_gmt":"2022-05-11T08:13:19","slug":"yoga-et-petit-dejeuner","status":"publish","type":"page","link":"https:\/\/yoga-laurence-lhermitte.com\/fr\/les-cours\/cours-collectifs-pour-adultes\/yoga-et-petit-dejeuner\/","title":{"rendered":"Yoga et petit d\u00e9jeuner"},"content":{"rendered":"<p style=\"text-align: center\"><img fetchpriority=\"high\" decoding=\"async\" class=\"aligncenter size-large wp-image-3994\" src=\"https:\/\/yoga-laurence-lhermitte.com\/wp-content\/blogs.dir\/2\/files\/2019\/04\/IMG_0304-1024x768.jpg\" alt=\"\" width=\"1024\" height=\"768\" \/><\/p>\n<p>&nbsp;<\/p>\n<p style=\"text-align: center\"><span style=\"font-size: 20px\">Une <strong>s\u00e9ance de yoga<\/strong>\u00a0suivie d&rsquo;un <strong>petit d\u00e9jeuner<br \/>\n<\/strong>un <strong>samedi<\/strong> ou un <strong>dimanche<\/strong> par mois\u00a0<\/span><\/p>\n<p style=\"text-align: center\">\u00c0 <strong>7h30<\/strong>, nous pratiquons dans le studio et\/ou au jardin pendant une heure et demie. Pratique douce adapt\u00e9e par mes soins \u00e0 chacun et \u00e0 chacune. Respiration et ouverture, postures respectueuses de chaque personne pour un meilleur ressenti.\u00a0<\/p>\n<p style=\"text-align: center\">\u00c0 <strong>9 heures<\/strong>, nous partageons un petit d\u00e9jeuner sain qui r\u00e9jouit nos papilles ! Tout est fait maison avec amour et compos\u00e9 de produits frais, locaux, biologiques et de saison.<\/p>\n<p style=\"text-align: center\"><strong>Adresse : 3, Les Bertauli\u00e8res &#8211; 37290 Bossay-sur-Claise<\/strong><\/p>\n<p style=\"text-align: center\">Tarif : <strong>25 euros<\/strong><\/p>\n<p>&nbsp;<\/p>\n<p><strong>Prochaine date :\u00a0<\/strong><\/p>\n<p>&nbsp;<\/p>\n<h6>Pour \u00eatre tenus\u00a0au courant de ces s\u00e9ances,<br \/>\nabonnez-vous \u00e0 ma <strong>lettre d&rsquo;information<\/strong> :<\/h6>\n<p>[formnewsletter]<\/p>\n","protected":false},"excerpt":{"rendered":"<p>&nbsp; Une s\u00e9ance de yoga\u00a0suivie d&rsquo;un petit d\u00e9jeuner un samedi ou un dimanche par mois\u00a0 \u00c0 7h30, nous pratiquons dans le studio et\/ou au jardin pendant une heure et demie. Pratique douce adapt\u00e9e par mes soins \u00e0 chacun et \u00e0 chacune. Respiration et ouverture, postures respectueuses de chaque personne pour un meilleur ressenti.\u00a0 \u00c0 9 &hellip; <\/p>\n<p class=\"link-more\"><a href=\"https:\/\/yoga-laurence-lhermitte.com\/fr\/les-cours\/cours-collectifs-pour-adultes\/yoga-et-petit-dejeuner\/\" class=\"more-link\">Continuer la lecture <span class=\"screen-reader-text\"> \u00ab\u00a0Yoga et petit d\u00e9jeuner\u00a0\u00bb<\/span><\/a><\/p>\n","protected":false},"author":1,"featured_media":0,"parent":31,"menu_order":0,"comment_status":"closed","ping_status":"closed","template":"","meta":{"footnotes":""},"class_list":["post-3988","page","type-page","status-publish","hentry","entry"],"yoast_head":"<!-- This site is optimized with the Yoast SEO plugin v26.8 - https:\/\/yoast.com\/product\/yoast-seo-wordpress\/ -->\n<title>Yoga et petit d\u00e9jeuner - fr-Yoga Laurence Lhermitte<\/title>\n<meta name=\"robots\" content=\"index, follow, max-snippet:-1, max-image-preview:large, max-video-preview:-1\" \/>\n<link rel=\"canonical\" href=\"https:\/\/yoga-laurence-lhermitte.com\/fr\/les-cours\/cours-collectifs-pour-adultes\/yoga-et-petit-dejeuner\/\" \/>\n<meta property=\"og:locale\" content=\"fr_FR\" \/>\n<meta property=\"og:type\" content=\"article\" \/>\n<meta property=\"og:title\" content=\"Yoga et petit d\u00e9jeuner - fr-Yoga Laurence Lhermitte\" \/>\n<meta property=\"og:description\" content=\"&nbsp; Une s\u00e9ance de yoga\u00a0suivie d&rsquo;un petit d\u00e9jeuner un samedi ou un dimanche par mois\u00a0 \u00c0 7h30, nous pratiquons dans le studio et\/ou au jardin pendant une heure et demie. Pratique douce adapt\u00e9e par mes soins \u00e0 chacun et \u00e0 chacune. Respiration et ouverture, postures respectueuses de chaque personne pour un meilleur ressenti.\u00a0 \u00c0 9 &hellip; Continuer la lecture \u00ab\u00a0Yoga et petit d\u00e9jeuner\u00a0\u00bb\" \/>\n<meta property=\"og:url\" content=\"https:\/\/yoga-laurence-lhermitte.com\/fr\/les-cours\/cours-collectifs-pour-adultes\/yoga-et-petit-dejeuner\/\" \/>\n<meta property=\"og:site_name\" content=\"fr-Yoga Laurence Lhermitte\" \/>\n<meta property=\"article:modified_time\" content=\"2022-05-11T08:13:19+00:00\" \/>\n<meta property=\"og:image\" content=\"https:\/\/yoga-laurence-lhermitte.com\/wp-content\/blogs.dir\/2\/files\/2019\/04\/IMG_0304-1024x768.jpg\" \/>\n<meta name=\"twitter:card\" content=\"summary_large_image\" \/>\n<script type=\"application\/ld+json\" class=\"yoast-schema-graph\">{\"@context\":\"https:\/\/schema.org\",\"@graph\":[{\"@type\":\"WebPage\",\"@id\":\"https:\/\/yoga-laurence-lhermitte.com\/fr\/les-cours\/cours-collectifs-pour-adultes\/yoga-et-petit-dejeuner\/\",\"url\":\"https:\/\/yoga-laurence-lhermitte.com\/fr\/les-cours\/cours-collectifs-pour-adultes\/yoga-et-petit-dejeuner\/\",\"name\":\"Yoga et petit d\u00e9jeuner - fr-Yoga Laurence Lhermitte\",\"isPartOf\":{\"@id\":\"https:\/\/yoga-laurence-lhermitte.com\/fr\/#website\"},\"primaryImageOfPage\":{\"@id\":\"https:\/\/yoga-laurence-lhermitte.com\/fr\/les-cours\/cours-collectifs-pour-adultes\/yoga-et-petit-dejeuner\/#primaryimage\"},\"image\":{\"@id\":\"https:\/\/yoga-laurence-lhermitte.com\/fr\/les-cours\/cours-collectifs-pour-adultes\/yoga-et-petit-dejeuner\/#primaryimage\"},\"thumbnailUrl\":\"https:\/\/yoga-laurence-lhermitte.com\/wp-content\/blogs.dir\/2\/files\/2019\/04\/IMG_0304-1024x768.jpg\",\"datePublished\":\"2019-04-14T08:15:26+00:00\",\"dateModified\":\"2022-05-11T08:13:19+00:00\",\"breadcrumb\":{\"@id\":\"https:\/\/yoga-laurence-lhermitte.com\/fr\/les-cours\/cours-collectifs-pour-adultes\/yoga-et-petit-dejeuner\/#breadcrumb\"},\"inLanguage\":\"fr-FR\",\"potentialAction\":[{\"@type\":\"ReadAction\",\"target\":[\"https:\/\/yoga-laurence-lhermitte.com\/fr\/les-cours\/cours-collectifs-pour-adultes\/yoga-et-petit-dejeuner\/\"]}]},{\"@type\":\"ImageObject\",\"inLanguage\":\"fr-FR\",\"@id\":\"https:\/\/yoga-laurence-lhermitte.com\/fr\/les-cours\/cours-collectifs-pour-adultes\/yoga-et-petit-dejeuner\/#primaryimage\",\"url\":\"https:\/\/yoga-laurence-lhermitte.com\/wp-content\/blogs.dir\/2\/files\/2019\/04\/IMG_0304-1024x768.jpg\",\"contentUrl\":\"https:\/\/yoga-laurence-lhermitte.com\/wp-content\/blogs.dir\/2\/files\/2019\/04\/IMG_0304-1024x768.jpg\"},{\"@type\":\"BreadcrumbList\",\"@id\":\"https:\/\/yoga-laurence-lhermitte.com\/fr\/les-cours\/cours-collectifs-pour-adultes\/yoga-et-petit-dejeuner\/#breadcrumb\",\"itemListElement\":[{\"@type\":\"ListItem\",\"position\":1,\"name\":\"Accueil\",\"item\":\"https:\/\/yoga-laurence-lhermitte.com\/fr\/\"},{\"@type\":\"ListItem\",\"position\":2,\"name\":\"Les cours\",\"item\":\"https:\/\/yoga-laurence-lhermitte.com\/fr\/les-cours\/\"},{\"@type\":\"ListItem\",\"position\":3,\"name\":\"Cours collectifs pour adultes\",\"item\":\"https:\/\/yoga-laurence-lhermitte.com\/fr\/les-cours\/cours-collectifs-pour-adultes\/\"},{\"@type\":\"ListItem\",\"position\":4,\"name\":\"Yoga et petit d\u00e9jeuner\"}]},{\"@type\":\"WebSite\",\"@id\":\"https:\/\/yoga-laurence-lhermitte.com\/fr\/#website\",\"url\":\"https:\/\/yoga-laurence-lhermitte.com\/fr\/\",\"name\":\"fr-Yoga Laurence Lhermitte\",\"description\":\"Yoga-Cours collectifs et particuliers pour adultes et enfants, \u00e0 la Guadeloupe\",\"potentialAction\":[{\"@type\":\"SearchAction\",\"target\":{\"@type\":\"EntryPoint\",\"urlTemplate\":\"https:\/\/yoga-laurence-lhermitte.com\/fr\/?s={search_term_string}\"},\"query-input\":{\"@type\":\"PropertyValueSpecification\",\"valueRequired\":true,\"valueName\":\"search_term_string\"}}],\"inLanguage\":\"fr-FR\"}]}<\/script>\n<!-- \/ Yoast SEO plugin. -->","yoast_head_json":{"title":"Yoga et petit d\u00e9jeuner - fr-Yoga Laurence Lhermitte","robots":{"index":"index","follow":"follow","max-snippet":"max-snippet:-1","max-image-preview":"max-image-preview:large","max-video-preview":"max-video-preview:-1"},"canonical":"https:\/\/yoga-laurence-lhermitte.com\/fr\/les-cours\/cours-collectifs-pour-adultes\/yoga-et-petit-dejeuner\/","og_locale":"fr_FR","og_type":"article","og_title":"Yoga et petit d\u00e9jeuner - fr-Yoga Laurence Lhermitte","og_description":"&nbsp; Une s\u00e9ance de yoga\u00a0suivie d&rsquo;un petit d\u00e9jeuner un samedi ou un dimanche par mois\u00a0 \u00c0 7h30, nous pratiquons dans le studio et\/ou au jardin pendant une heure et demie. Pratique douce adapt\u00e9e par mes soins \u00e0 chacun et \u00e0 chacune. Respiration et ouverture, postures respectueuses de chaque personne pour un meilleur ressenti.\u00a0 \u00c0 9 &hellip; Continuer la lecture \u00ab\u00a0Yoga et petit d\u00e9jeuner\u00a0\u00bb","og_url":"https:\/\/yoga-laurence-lhermitte.com\/fr\/les-cours\/cours-collectifs-pour-adultes\/yoga-et-petit-dejeuner\/","og_site_name":"fr-Yoga Laurence Lhermitte","article_modified_time":"2022-05-11T08:13:19+00:00","og_image":[{"url":"https:\/\/yoga-laurence-lhermitte.com\/wp-content\/blogs.dir\/2\/files\/2019\/04\/IMG_0304-1024x768.jpg","type":"","width":"","height":""}],"twitter_card":"summary_large_image","schema":{"@context":"https:\/\/schema.org","@graph":[{"@type":"WebPage","@id":"https:\/\/yoga-laurence-lhermitte.com\/fr\/les-cours\/cours-collectifs-pour-adultes\/yoga-et-petit-dejeuner\/","url":"https:\/\/yoga-laurence-lhermitte.com\/fr\/les-cours\/cours-collectifs-pour-adultes\/yoga-et-petit-dejeuner\/","name":"Yoga et petit d\u00e9jeuner - fr-Yoga Laurence Lhermitte","isPartOf":{"@id":"https:\/\/yoga-laurence-lhermitte.com\/fr\/#website"},"primaryImageOfPage":{"@id":"https:\/\/yoga-laurence-lhermitte.com\/fr\/les-cours\/cours-collectifs-pour-adultes\/yoga-et-petit-dejeuner\/#primaryimage"},"image":{"@id":"https:\/\/yoga-laurence-lhermitte.com\/fr\/les-cours\/cours-collectifs-pour-adultes\/yoga-et-petit-dejeuner\/#primaryimage"},"thumbnailUrl":"https:\/\/yoga-laurence-lhermitte.com\/wp-content\/blogs.dir\/2\/files\/2019\/04\/IMG_0304-1024x768.jpg","datePublished":"2019-04-14T08:15:26+00:00","dateModified":"2022-05-11T08:13:19+00:00","breadcrumb":{"@id":"https:\/\/yoga-laurence-lhermitte.com\/fr\/les-cours\/cours-collectifs-pour-adultes\/yoga-et-petit-dejeuner\/#breadcrumb"},"inLanguage":"fr-FR","potentialAction":[{"@type":"ReadAction","target":["https:\/\/yoga-laurence-lhermitte.com\/fr\/les-cours\/cours-collectifs-pour-adultes\/yoga-et-petit-dejeuner\/"]}]},{"@type":"ImageObject","inLanguage":"fr-FR","@id":"https:\/\/yoga-laurence-lhermitte.com\/fr\/les-cours\/cours-collectifs-pour-adultes\/yoga-et-petit-dejeuner\/#primaryimage","url":"https:\/\/yoga-laurence-lhermitte.com\/wp-content\/blogs.dir\/2\/files\/2019\/04\/IMG_0304-1024x768.jpg","contentUrl":"https:\/\/yoga-laurence-lhermitte.com\/wp-content\/blogs.dir\/2\/files\/2019\/04\/IMG_0304-1024x768.jpg"},{"@type":"BreadcrumbList","@id":"https:\/\/yoga-laurence-lhermitte.com\/fr\/les-cours\/cours-collectifs-pour-adultes\/yoga-et-petit-dejeuner\/#breadcrumb","itemListElement":[{"@type":"ListItem","position":1,"name":"Accueil","item":"https:\/\/yoga-laurence-lhermitte.com\/fr\/"},{"@type":"ListItem","position":2,"name":"Les cours","item":"https:\/\/yoga-laurence-lhermitte.com\/fr\/les-cours\/"},{"@type":"ListItem","position":3,"name":"Cours collectifs pour adultes","item":"https:\/\/yoga-laurence-lhermitte.com\/fr\/les-cours\/cours-collectifs-pour-adultes\/"},{"@type":"ListItem","position":4,"name":"Yoga et petit d\u00e9jeuner"}]},{"@type":"WebSite","@id":"https:\/\/yoga-laurence-lhermitte.com\/fr\/#website","url":"https:\/\/yoga-laurence-lhermitte.com\/fr\/","name":"fr-Yoga Laurence Lhermitte","description":"Yoga-Cours collectifs et particuliers pour adultes et enfants, \u00e0 la Guadeloupe","potentialAction":[{"@type":"SearchAction","target":{"@type":"EntryPoint","urlTemplate":"https:\/\/yoga-laurence-lhermitte.com\/fr\/?s={search_term_string}"},"query-input":{"@type":"PropertyValueSpecification","valueRequired":true,"valueName":"search_term_string"}}],"inLanguage":"fr-FR"}]}},"_links":{"self":[{"href":"https:\/\/yoga-laurence-lhermitte.com\/fr\/wp-json\/wp\/v2\/pages\/3988","targetHints":{"allow":["GET"]}}],"collection":[{"href":"https:\/\/yoga-laurence-lhermitte.com\/fr\/wp-json\/wp\/v2\/pages"}],"about":[{"href":"https:\/\/yoga-laurence-lhermitte.com\/fr\/wp-json\/wp\/v2\/types\/page"}],"author":[{"embeddable":true,"href":"https:\/\/yoga-laurence-lhermitte.com\/fr\/wp-json\/wp\/v2\/users\/1"}],"replies":[{"embeddable":true,"href":"https:\/\/yoga-laurence-lhermitte.com\/fr\/wp-json\/wp\/v2\/comments?post=3988"}],"version-history":[{"count":0,"href":"https:\/\/yoga-laurence-lhermitte.com\/fr\/wp-json\/wp\/v2\/pages\/3988\/revisions"}],"up":[{"embeddable":true,"href":"https:\/\/yoga-laurence-lhermitte.com\/fr\/wp-json\/wp\/v2\/pages\/31"}],"wp:attachment":[{"href":"https:\/\/yoga-laurence-lhermitte.com\/fr\/wp-json\/wp\/v2\/media?parent=3988"}],"curies":[{"name":"wp","href":"https:\/\/api.w.org\/{rel}","templated":true}]}}