{"id":4037,"date":"2019-05-04T10:06:40","date_gmt":"2019-05-04T08:06:40","guid":{"rendered":"https:\/\/fr.yoga-laurence-lhermitte.com\/?page_id=4037"},"modified":"2022-05-11T10:01:12","modified_gmt":"2022-05-11T08:01:12","slug":"chez-vous","status":"publish","type":"page","link":"https:\/\/yoga-laurence-lhermitte.com\/fr\/les-cours\/cours-collectifs-pour-adultes\/chez-vous\/","title":{"rendered":"Chez vous"},"content":{"rendered":"<p style=\"text-align: center\"><img fetchpriority=\"high\" decoding=\"async\" class=\"aligncenter size-large wp-image-3972\" src=\"https:\/\/yoga-laurence-lhermitte.com\/wp-content\/blogs.dir\/2\/files\/2019\/03\/IMG_1111-1024x768.jpg\" alt=\"\" width=\"1024\" height=\"768\" \/><\/p>\n<p>&nbsp;<\/p>\n<p>[toc][clear]<\/p>\n<h2>Cours chez vous<\/h2>\n<p style=\"text-align: center\"><strong>Vous habitez dans la r\u00e9gion de La Roche-Posay ou de Ch\u00e2tellerault.<\/strong><br \/>\n<strong>Vous r\u00eavez de faire du yoga, mais vous ne trouvez pas de cours proche de chez vous \u00e0 un moment qui vous convient.<\/strong><\/p>\n<p style=\"text-align: center\"><strong>Il suffit que vous fassiez un peu de place dans une pi\u00e8ce chez vous, que vous r\u00e9unissiez au moins trois autres personnes et que vous conveniez avec moi d&rsquo;un cr\u00e9neau horaire d&rsquo;une heure et demie. Chaque personne dispose de son tapis et je m&rsquo;occupe du reste du mat\u00e9riel.<\/strong><\/p>\n<h3>Deux possibilit\u00e9s<\/h3>\n<h4>Adultes<\/h4>\n<p>Le cours se d\u00e9roule comme un cours collectif pour adultes. Les postures sont adapt\u00e9es \u00e0 vos besoins et \u00e0 vos demandes, compte tenu \u00e9ventuellement de l&rsquo;avis d&rsquo;un kin\u00e9sith\u00e9rapeute ou d&rsquo;un ost\u00e9opathe.<\/p>\n<h4>Adultes-enfants<\/h4>\n<p>Pratiquer des postures de yoga \u00e0 deux, un parent et un enfant, pour s\u2019amuser, bouger au rythme de la respiration et, tout simplement, \u00eatre ensemble diff\u00e9remment. Les grands retrouvent l\u2019art du jeu et l\u2019agilit\u00e9 de leur enfance. Les petits prennent conscience de leurs mouvements et gagnent en souplesse. Et tout le monde apprend \u00e0 ralentir !<\/p>\n<p>&nbsp;<\/p>\n<h2>Tarifs<\/h2>\n<p>Cours ponctuel : 16 euros<br \/>\nCours ponctuel pour l&rsquo;h\u00f4te : 14 euros<br \/>\nCarte de dix cours valable 6 mois : 140 euros<br \/>\nCarte de dix cours valable 6 mois pour l&rsquo;h\u00f4te : 120 euros<\/p>\n<p>Que nul ne soit arr\u00eat\u00e9 par un souci financier. N&rsquo;h\u00e9sitez pas \u00e0 m&rsquo;en parler.<\/p>\n<p>&nbsp;<\/p>\n<h2><span id=\"Pour_votre_confort\">Pour votre confort<\/span><\/h2>\n<ul>\n<li>Pour que le cours commence \u00e0 l&rsquo;heure, merci d&rsquo;arriver 5 minutes \u00e0 l&rsquo;avance.<\/li>\n<li>N&rsquo;h\u00e9sitez \u00e0 prendre une couverture, et un coussin ou un petit banc pour une assise confortable.<\/li>\n<li>C&rsquo;est dans la continuit\u00e9 de la pratique que le yoga porte ses fruits. Pour cette raison et aussi parce que ce sera plus int\u00e9ressant financi\u00e8rement pour vous, je vous conseille vivement de prendre une carte de dix cours. Bien s\u00fbr, vous pouvez commencer par une ou quelques s\u00e9ances afin de v\u00e9rifier si le yoga, en particulier le yoga que je propose, r\u00e9pond \u00e0 vos attentes.<\/li>\n<li>Le yoga se pratique \u00e0 jeun.<\/li>\n<\/ul>\n<h3>Femmes enceintes ou fra\u00eechement accouch\u00e9es<\/h3>\n<p>Elles sont les bienvenues \u00e0 mes cours. Elles sont particuli\u00e8rement chouchout\u00e9es.<\/p>\n<p>&nbsp;<\/p>\n<h2><span id=\"En_savoir_plus_sur_le_yoga_que_je_propose\">En savoir plus sur le yoga que je propose<\/span><\/h2>\n<p>Voir la page <a title=\"Quel yoga ?\" href=\"https:\/\/yoga-laurence-lhermitte.com\/fr\/quel-yoga\/\">Quel yoga ?<\/a><\/p>\n<p>&nbsp;<\/p>\n<h2><span id=\"Des_questions\">Des questions ?<\/span><\/h2>\n<p>N&rsquo;h\u00e9sitez pas \u00e0 me <a href=\"https:\/\/yoga-laurence-lhermitte.com\/fr\/contact\/\" rel=\"noopener\">contacter<\/a>.<\/p>\n","protected":false},"excerpt":{"rendered":"<p>&nbsp; [toc][clear] Cours chez vous Vous habitez dans la r\u00e9gion de La Roche-Posay ou de Ch\u00e2tellerault. Vous r\u00eavez de faire du yoga, mais vous ne trouvez pas de cours proche de chez vous \u00e0 un moment qui vous convient. Il suffit que vous fassiez un peu de place dans une pi\u00e8ce chez vous, que vous &hellip; <\/p>\n<p class=\"link-more\"><a href=\"https:\/\/yoga-laurence-lhermitte.com\/fr\/les-cours\/cours-collectifs-pour-adultes\/chez-vous\/\" class=\"more-link\">Continuer la lecture <span class=\"screen-reader-text\"> \u00ab\u00a0Chez vous\u00a0\u00bb<\/span><\/a><\/p>\n","protected":false},"author":1,"featured_media":0,"parent":31,"menu_order":0,"comment_status":"closed","ping_status":"closed","template":"","meta":{"footnotes":""},"class_list":["post-4037","page","type-page","status-publish","hentry","entry"],"yoast_head":"<!-- This site is optimized with the Yoast SEO plugin v26.8 - https:\/\/yoast.com\/product\/yoast-seo-wordpress\/ -->\n<title>Chez vous - fr-Yoga Laurence Lhermitte<\/title>\n<meta name=\"robots\" content=\"index, follow, max-snippet:-1, max-image-preview:large, max-video-preview:-1\" \/>\n<link rel=\"canonical\" href=\"https:\/\/yoga-laurence-lhermitte.com\/fr\/les-cours\/cours-collectifs-pour-adultes\/chez-vous\/\" \/>\n<meta property=\"og:locale\" content=\"fr_FR\" \/>\n<meta property=\"og:type\" content=\"article\" \/>\n<meta property=\"og:title\" content=\"Chez vous - fr-Yoga Laurence Lhermitte\" \/>\n<meta property=\"og:description\" content=\"&nbsp; [toc][clear] Cours chez vous Vous habitez dans la r\u00e9gion de La Roche-Posay ou de Ch\u00e2tellerault. Vous r\u00eavez de faire du yoga, mais vous ne trouvez pas de cours proche de chez vous \u00e0 un moment qui vous convient. Il suffit que vous fassiez un peu de place dans une pi\u00e8ce chez vous, que vous &hellip; Continuer la lecture \u00ab\u00a0Chez vous\u00a0\u00bb\" \/>\n<meta property=\"og:url\" content=\"https:\/\/yoga-laurence-lhermitte.com\/fr\/les-cours\/cours-collectifs-pour-adultes\/chez-vous\/\" \/>\n<meta property=\"og:site_name\" content=\"fr-Yoga Laurence Lhermitte\" \/>\n<meta property=\"article:modified_time\" content=\"2022-05-11T08:01:12+00:00\" \/>\n<meta property=\"og:image\" content=\"https:\/\/yoga-laurence-lhermitte.com\/wp-content\/blogs.dir\/2\/files\/2019\/03\/IMG_1111-1024x768.jpg\" \/>\n<meta name=\"twitter:card\" content=\"summary_large_image\" \/>\n<script type=\"application\/ld+json\" class=\"yoast-schema-graph\">{\"@context\":\"https:\/\/schema.org\",\"@graph\":[{\"@type\":\"WebPage\",\"@id\":\"https:\/\/yoga-laurence-lhermitte.com\/fr\/les-cours\/cours-collectifs-pour-adultes\/chez-vous\/\",\"url\":\"https:\/\/yoga-laurence-lhermitte.com\/fr\/les-cours\/cours-collectifs-pour-adultes\/chez-vous\/\",\"name\":\"Chez vous - fr-Yoga Laurence Lhermitte\",\"isPartOf\":{\"@id\":\"https:\/\/yoga-laurence-lhermitte.com\/fr\/#website\"},\"primaryImageOfPage\":{\"@id\":\"https:\/\/yoga-laurence-lhermitte.com\/fr\/les-cours\/cours-collectifs-pour-adultes\/chez-vous\/#primaryimage\"},\"image\":{\"@id\":\"https:\/\/yoga-laurence-lhermitte.com\/fr\/les-cours\/cours-collectifs-pour-adultes\/chez-vous\/#primaryimage\"},\"thumbnailUrl\":\"https:\/\/yoga-laurence-lhermitte.com\/wp-content\/blogs.dir\/2\/files\/2019\/03\/IMG_1111-1024x768.jpg\",\"datePublished\":\"2019-05-04T08:06:40+00:00\",\"dateModified\":\"2022-05-11T08:01:12+00:00\",\"breadcrumb\":{\"@id\":\"https:\/\/yoga-laurence-lhermitte.com\/fr\/les-cours\/cours-collectifs-pour-adultes\/chez-vous\/#breadcrumb\"},\"inLanguage\":\"fr-FR\",\"potentialAction\":[{\"@type\":\"ReadAction\",\"target\":[\"https:\/\/yoga-laurence-lhermitte.com\/fr\/les-cours\/cours-collectifs-pour-adultes\/chez-vous\/\"]}]},{\"@type\":\"ImageObject\",\"inLanguage\":\"fr-FR\",\"@id\":\"https:\/\/yoga-laurence-lhermitte.com\/fr\/les-cours\/cours-collectifs-pour-adultes\/chez-vous\/#primaryimage\",\"url\":\"https:\/\/yoga-laurence-lhermitte.com\/wp-content\/blogs.dir\/2\/files\/2019\/03\/IMG_1111-1024x768.jpg\",\"contentUrl\":\"https:\/\/yoga-laurence-lhermitte.com\/wp-content\/blogs.dir\/2\/files\/2019\/03\/IMG_1111-1024x768.jpg\"},{\"@type\":\"BreadcrumbList\",\"@id\":\"https:\/\/yoga-laurence-lhermitte.com\/fr\/les-cours\/cours-collectifs-pour-adultes\/chez-vous\/#breadcrumb\",\"itemListElement\":[{\"@type\":\"ListItem\",\"position\":1,\"name\":\"Accueil\",\"item\":\"https:\/\/yoga-laurence-lhermitte.com\/fr\/\"},{\"@type\":\"ListItem\",\"position\":2,\"name\":\"Les cours\",\"item\":\"https:\/\/yoga-laurence-lhermitte.com\/fr\/les-cours\/\"},{\"@type\":\"ListItem\",\"position\":3,\"name\":\"Cours collectifs pour adultes\",\"item\":\"https:\/\/yoga-laurence-lhermitte.com\/fr\/les-cours\/cours-collectifs-pour-adultes\/\"},{\"@type\":\"ListItem\",\"position\":4,\"name\":\"Chez vous\"}]},{\"@type\":\"WebSite\",\"@id\":\"https:\/\/yoga-laurence-lhermitte.com\/fr\/#website\",\"url\":\"https:\/\/yoga-laurence-lhermitte.com\/fr\/\",\"name\":\"fr-Yoga Laurence Lhermitte\",\"description\":\"Yoga-Cours collectifs et particuliers pour adultes et enfants, \u00e0 la Guadeloupe\",\"potentialAction\":[{\"@type\":\"SearchAction\",\"target\":{\"@type\":\"EntryPoint\",\"urlTemplate\":\"https:\/\/yoga-laurence-lhermitte.com\/fr\/?s={search_term_string}\"},\"query-input\":{\"@type\":\"PropertyValueSpecification\",\"valueRequired\":true,\"valueName\":\"search_term_string\"}}],\"inLanguage\":\"fr-FR\"}]}<\/script>\n<!-- \/ Yoast SEO plugin. -->","yoast_head_json":{"title":"Chez vous - fr-Yoga Laurence Lhermitte","robots":{"index":"index","follow":"follow","max-snippet":"max-snippet:-1","max-image-preview":"max-image-preview:large","max-video-preview":"max-video-preview:-1"},"canonical":"https:\/\/yoga-laurence-lhermitte.com\/fr\/les-cours\/cours-collectifs-pour-adultes\/chez-vous\/","og_locale":"fr_FR","og_type":"article","og_title":"Chez vous - fr-Yoga Laurence Lhermitte","og_description":"&nbsp; [toc][clear] Cours chez vous Vous habitez dans la r\u00e9gion de La Roche-Posay ou de Ch\u00e2tellerault. Vous r\u00eavez de faire du yoga, mais vous ne trouvez pas de cours proche de chez vous \u00e0 un moment qui vous convient. Il suffit que vous fassiez un peu de place dans une pi\u00e8ce chez vous, que vous &hellip; Continuer la lecture \u00ab\u00a0Chez vous\u00a0\u00bb","og_url":"https:\/\/yoga-laurence-lhermitte.com\/fr\/les-cours\/cours-collectifs-pour-adultes\/chez-vous\/","og_site_name":"fr-Yoga Laurence Lhermitte","article_modified_time":"2022-05-11T08:01:12+00:00","og_image":[{"url":"https:\/\/yoga-laurence-lhermitte.com\/wp-content\/blogs.dir\/2\/files\/2019\/03\/IMG_1111-1024x768.jpg","type":"","width":"","height":""}],"twitter_card":"summary_large_image","schema":{"@context":"https:\/\/schema.org","@graph":[{"@type":"WebPage","@id":"https:\/\/yoga-laurence-lhermitte.com\/fr\/les-cours\/cours-collectifs-pour-adultes\/chez-vous\/","url":"https:\/\/yoga-laurence-lhermitte.com\/fr\/les-cours\/cours-collectifs-pour-adultes\/chez-vous\/","name":"Chez vous - fr-Yoga Laurence Lhermitte","isPartOf":{"@id":"https:\/\/yoga-laurence-lhermitte.com\/fr\/#website"},"primaryImageOfPage":{"@id":"https:\/\/yoga-laurence-lhermitte.com\/fr\/les-cours\/cours-collectifs-pour-adultes\/chez-vous\/#primaryimage"},"image":{"@id":"https:\/\/yoga-laurence-lhermitte.com\/fr\/les-cours\/cours-collectifs-pour-adultes\/chez-vous\/#primaryimage"},"thumbnailUrl":"https:\/\/yoga-laurence-lhermitte.com\/wp-content\/blogs.dir\/2\/files\/2019\/03\/IMG_1111-1024x768.jpg","datePublished":"2019-05-04T08:06:40+00:00","dateModified":"2022-05-11T08:01:12+00:00","breadcrumb":{"@id":"https:\/\/yoga-laurence-lhermitte.com\/fr\/les-cours\/cours-collectifs-pour-adultes\/chez-vous\/#breadcrumb"},"inLanguage":"fr-FR","potentialAction":[{"@type":"ReadAction","target":["https:\/\/yoga-laurence-lhermitte.com\/fr\/les-cours\/cours-collectifs-pour-adultes\/chez-vous\/"]}]},{"@type":"ImageObject","inLanguage":"fr-FR","@id":"https:\/\/yoga-laurence-lhermitte.com\/fr\/les-cours\/cours-collectifs-pour-adultes\/chez-vous\/#primaryimage","url":"https:\/\/yoga-laurence-lhermitte.com\/wp-content\/blogs.dir\/2\/files\/2019\/03\/IMG_1111-1024x768.jpg","contentUrl":"https:\/\/yoga-laurence-lhermitte.com\/wp-content\/blogs.dir\/2\/files\/2019\/03\/IMG_1111-1024x768.jpg"},{"@type":"BreadcrumbList","@id":"https:\/\/yoga-laurence-lhermitte.com\/fr\/les-cours\/cours-collectifs-pour-adultes\/chez-vous\/#breadcrumb","itemListElement":[{"@type":"ListItem","position":1,"name":"Accueil","item":"https:\/\/yoga-laurence-lhermitte.com\/fr\/"},{"@type":"ListItem","position":2,"name":"Les cours","item":"https:\/\/yoga-laurence-lhermitte.com\/fr\/les-cours\/"},{"@type":"ListItem","position":3,"name":"Cours collectifs pour adultes","item":"https:\/\/yoga-laurence-lhermitte.com\/fr\/les-cours\/cours-collectifs-pour-adultes\/"},{"@type":"ListItem","position":4,"name":"Chez vous"}]},{"@type":"WebSite","@id":"https:\/\/yoga-laurence-lhermitte.com\/fr\/#website","url":"https:\/\/yoga-laurence-lhermitte.com\/fr\/","name":"fr-Yoga Laurence Lhermitte","description":"Yoga-Cours collectifs et particuliers pour adultes et enfants, \u00e0 la Guadeloupe","potentialAction":[{"@type":"SearchAction","target":{"@type":"EntryPoint","urlTemplate":"https:\/\/yoga-laurence-lhermitte.com\/fr\/?s={search_term_string}"},"query-input":{"@type":"PropertyValueSpecification","valueRequired":true,"valueName":"search_term_string"}}],"inLanguage":"fr-FR"}]}},"_links":{"self":[{"href":"https:\/\/yoga-laurence-lhermitte.com\/fr\/wp-json\/wp\/v2\/pages\/4037","targetHints":{"allow":["GET"]}}],"collection":[{"href":"https:\/\/yoga-laurence-lhermitte.com\/fr\/wp-json\/wp\/v2\/pages"}],"about":[{"href":"https:\/\/yoga-laurence-lhermitte.com\/fr\/wp-json\/wp\/v2\/types\/page"}],"author":[{"embeddable":true,"href":"https:\/\/yoga-laurence-lhermitte.com\/fr\/wp-json\/wp\/v2\/users\/1"}],"replies":[{"embeddable":true,"href":"https:\/\/yoga-laurence-lhermitte.com\/fr\/wp-json\/wp\/v2\/comments?post=4037"}],"version-history":[{"count":0,"href":"https:\/\/yoga-laurence-lhermitte.com\/fr\/wp-json\/wp\/v2\/pages\/4037\/revisions"}],"up":[{"embeddable":true,"href":"https:\/\/yoga-laurence-lhermitte.com\/fr\/wp-json\/wp\/v2\/pages\/31"}],"wp:attachment":[{"href":"https:\/\/yoga-laurence-lhermitte.com\/fr\/wp-json\/wp\/v2\/media?parent=4037"}],"curies":[{"name":"wp","href":"https:\/\/api.w.org\/{rel}","templated":true}]}}