{"id":4084,"date":"2019-05-08T10:07:40","date_gmt":"2019-05-08T08:07:40","guid":{"rendered":"https:\/\/fr.yoga-laurence-lhermitte.com\/?page_id=4084"},"modified":"2022-05-11T10:12:52","modified_gmt":"2022-05-11T08:12:52","slug":"yoga-et-table-dhote","status":"publish","type":"page","link":"https:\/\/yoga-laurence-lhermitte.com\/fr\/les-cours\/cours-collectifs-pour-adultes\/yoga-et-table-dhote\/","title":{"rendered":"Yoga et table d&rsquo;h\u00f4te"},"content":{"rendered":"<p style=\"text-align: center\"><img fetchpriority=\"high\" decoding=\"async\" class=\"aligncenter size-large wp-image-4089\" src=\"https:\/\/yoga-laurence-lhermitte.com\/wp-content\/blogs.dir\/2\/files\/2019\/05\/IMG_0301-1024x768.jpg\" alt=\"\" width=\"1024\" height=\"768\" \/><\/p>\n<p>&nbsp;<\/p>\n<p style=\"text-align: center\"><span style=\"font-size: 20px\">Une <strong>s\u00e9ance de yoga<\/strong>\u00a0suivie d&rsquo;un <strong>d\u00e9jeuner<\/strong>,<br \/>\nune autre fa\u00e7on de partager un bon moment avec des amis<\/span><\/p>\n<p>&nbsp;<\/p>\n<p style=\"text-align: center\"><strong>Il suffit que vous\u00a0r\u00e9unissiez au moins trois autres personnes et que vous conveniez avec moi d&rsquo;une date.<\/strong><\/p>\n<p>&nbsp;<\/p>\n<p style=\"text-align: center\">\u00c0 <strong>11 heures<\/strong>, nous pratiquons dans le studio et\/ou au jardin pendant une heure et demie. Pratique douce adapt\u00e9e par mes soins \u00e0 chacun et \u00e0 chacune. Respiration et ouverture, postures respectueuses de chaque personne pour un meilleur ressenti.\u00a0<\/p>\n<p style=\"text-align: center\">\u00c0<strong>\u00a012h30<\/strong>, nous partageons un d\u00e9jeuner sain qui r\u00e9jouit nos papilles ! Tout est fait maison avec amour et compos\u00e9 de produits frais, locaux, bio et de saison.<\/p>\n<p>&nbsp;<\/p>\n<p style=\"text-align: center\"><strong>Adresse : 3, Les Bertauli\u00e8res &#8211; 37290 Bossay-sur-Claise<\/strong><\/p>\n<p>&nbsp;<\/p>\n<p style=\"text-align: center\">Tarif : <strong>40<\/strong><strong>\u00a0euros<\/strong><\/p>\n<p>&nbsp;<\/p>\n<p><span style=\"font-size: 12px\">Je tiens compte de vos go\u00fbts, de vos allergies et de vos intol\u00e9rances. N&rsquo;h\u00e9sitez pas \u00e0 m&rsquo;en parler.<\/span><\/p>\n","protected":false},"excerpt":{"rendered":"<p>&nbsp; Une s\u00e9ance de yoga\u00a0suivie d&rsquo;un d\u00e9jeuner, une autre fa\u00e7on de partager un bon moment avec des amis &nbsp; Il suffit que vous\u00a0r\u00e9unissiez au moins trois autres personnes et que vous conveniez avec moi d&rsquo;une date. &nbsp; \u00c0 11 heures, nous pratiquons dans le studio et\/ou au jardin pendant une heure et demie. Pratique douce &hellip; <\/p>\n<p class=\"link-more\"><a href=\"https:\/\/yoga-laurence-lhermitte.com\/fr\/les-cours\/cours-collectifs-pour-adultes\/yoga-et-table-dhote\/\" class=\"more-link\">Continuer la lecture <span class=\"screen-reader-text\"> \u00ab\u00a0Yoga et table d&rsquo;h\u00f4te\u00a0\u00bb<\/span><\/a><\/p>\n","protected":false},"author":1,"featured_media":0,"parent":31,"menu_order":0,"comment_status":"closed","ping_status":"closed","template":"","meta":{"footnotes":""},"class_list":["post-4084","page","type-page","status-publish","hentry","entry"],"yoast_head":"<!-- This site is optimized with the Yoast SEO plugin v26.8 - https:\/\/yoast.com\/product\/yoast-seo-wordpress\/ -->\n<title>Yoga et table d&#039;h\u00f4te - fr-Yoga Laurence Lhermitte<\/title>\n<meta name=\"robots\" content=\"index, follow, max-snippet:-1, max-image-preview:large, max-video-preview:-1\" \/>\n<link rel=\"canonical\" href=\"https:\/\/yoga-laurence-lhermitte.com\/fr\/les-cours\/cours-collectifs-pour-adultes\/yoga-et-table-dhote\/\" \/>\n<meta property=\"og:locale\" content=\"fr_FR\" \/>\n<meta property=\"og:type\" content=\"article\" \/>\n<meta property=\"og:title\" content=\"Yoga et table d&#039;h\u00f4te - fr-Yoga Laurence Lhermitte\" \/>\n<meta property=\"og:description\" content=\"&nbsp; Une s\u00e9ance de yoga\u00a0suivie d&rsquo;un d\u00e9jeuner, une autre fa\u00e7on de partager un bon moment avec des amis &nbsp; Il suffit que vous\u00a0r\u00e9unissiez au moins trois autres personnes et que vous conveniez avec moi d&rsquo;une date. &nbsp; \u00c0 11 heures, nous pratiquons dans le studio et\/ou au jardin pendant une heure et demie. Pratique douce &hellip; Continuer la lecture \u00ab\u00a0Yoga et table d&rsquo;h\u00f4te\u00a0\u00bb\" \/>\n<meta property=\"og:url\" content=\"https:\/\/yoga-laurence-lhermitte.com\/fr\/les-cours\/cours-collectifs-pour-adultes\/yoga-et-table-dhote\/\" \/>\n<meta property=\"og:site_name\" content=\"fr-Yoga Laurence Lhermitte\" \/>\n<meta property=\"article:modified_time\" content=\"2022-05-11T08:12:52+00:00\" \/>\n<meta property=\"og:image\" content=\"https:\/\/yoga-laurence-lhermitte.com\/wp-content\/blogs.dir\/2\/files\/2019\/05\/IMG_0301-1024x768.jpg\" \/>\n<meta name=\"twitter:card\" content=\"summary_large_image\" \/>\n<script type=\"application\/ld+json\" class=\"yoast-schema-graph\">{\"@context\":\"https:\/\/schema.org\",\"@graph\":[{\"@type\":\"WebPage\",\"@id\":\"https:\/\/yoga-laurence-lhermitte.com\/fr\/les-cours\/cours-collectifs-pour-adultes\/yoga-et-table-dhote\/\",\"url\":\"https:\/\/yoga-laurence-lhermitte.com\/fr\/les-cours\/cours-collectifs-pour-adultes\/yoga-et-table-dhote\/\",\"name\":\"Yoga et table d'h\u00f4te - fr-Yoga Laurence Lhermitte\",\"isPartOf\":{\"@id\":\"https:\/\/yoga-laurence-lhermitte.com\/fr\/#website\"},\"primaryImageOfPage\":{\"@id\":\"https:\/\/yoga-laurence-lhermitte.com\/fr\/les-cours\/cours-collectifs-pour-adultes\/yoga-et-table-dhote\/#primaryimage\"},\"image\":{\"@id\":\"https:\/\/yoga-laurence-lhermitte.com\/fr\/les-cours\/cours-collectifs-pour-adultes\/yoga-et-table-dhote\/#primaryimage\"},\"thumbnailUrl\":\"https:\/\/yoga-laurence-lhermitte.com\/wp-content\/blogs.dir\/2\/files\/2019\/05\/IMG_0301-1024x768.jpg\",\"datePublished\":\"2019-05-08T08:07:40+00:00\",\"dateModified\":\"2022-05-11T08:12:52+00:00\",\"breadcrumb\":{\"@id\":\"https:\/\/yoga-laurence-lhermitte.com\/fr\/les-cours\/cours-collectifs-pour-adultes\/yoga-et-table-dhote\/#breadcrumb\"},\"inLanguage\":\"fr-FR\",\"potentialAction\":[{\"@type\":\"ReadAction\",\"target\":[\"https:\/\/yoga-laurence-lhermitte.com\/fr\/les-cours\/cours-collectifs-pour-adultes\/yoga-et-table-dhote\/\"]}]},{\"@type\":\"ImageObject\",\"inLanguage\":\"fr-FR\",\"@id\":\"https:\/\/yoga-laurence-lhermitte.com\/fr\/les-cours\/cours-collectifs-pour-adultes\/yoga-et-table-dhote\/#primaryimage\",\"url\":\"https:\/\/yoga-laurence-lhermitte.com\/wp-content\/blogs.dir\/2\/files\/2019\/05\/IMG_0301-1024x768.jpg\",\"contentUrl\":\"https:\/\/yoga-laurence-lhermitte.com\/wp-content\/blogs.dir\/2\/files\/2019\/05\/IMG_0301-1024x768.jpg\"},{\"@type\":\"BreadcrumbList\",\"@id\":\"https:\/\/yoga-laurence-lhermitte.com\/fr\/les-cours\/cours-collectifs-pour-adultes\/yoga-et-table-dhote\/#breadcrumb\",\"itemListElement\":[{\"@type\":\"ListItem\",\"position\":1,\"name\":\"Accueil\",\"item\":\"https:\/\/yoga-laurence-lhermitte.com\/fr\/\"},{\"@type\":\"ListItem\",\"position\":2,\"name\":\"Les cours\",\"item\":\"https:\/\/yoga-laurence-lhermitte.com\/fr\/les-cours\/\"},{\"@type\":\"ListItem\",\"position\":3,\"name\":\"Cours collectifs pour adultes\",\"item\":\"https:\/\/yoga-laurence-lhermitte.com\/fr\/les-cours\/cours-collectifs-pour-adultes\/\"},{\"@type\":\"ListItem\",\"position\":4,\"name\":\"Yoga et table d&rsquo;h\u00f4te\"}]},{\"@type\":\"WebSite\",\"@id\":\"https:\/\/yoga-laurence-lhermitte.com\/fr\/#website\",\"url\":\"https:\/\/yoga-laurence-lhermitte.com\/fr\/\",\"name\":\"fr-Yoga Laurence Lhermitte\",\"description\":\"Yoga-Cours collectifs et particuliers pour adultes et enfants, \u00e0 la Guadeloupe\",\"potentialAction\":[{\"@type\":\"SearchAction\",\"target\":{\"@type\":\"EntryPoint\",\"urlTemplate\":\"https:\/\/yoga-laurence-lhermitte.com\/fr\/?s={search_term_string}\"},\"query-input\":{\"@type\":\"PropertyValueSpecification\",\"valueRequired\":true,\"valueName\":\"search_term_string\"}}],\"inLanguage\":\"fr-FR\"}]}<\/script>\n<!-- \/ Yoast SEO plugin. -->","yoast_head_json":{"title":"Yoga et table d'h\u00f4te - fr-Yoga Laurence Lhermitte","robots":{"index":"index","follow":"follow","max-snippet":"max-snippet:-1","max-image-preview":"max-image-preview:large","max-video-preview":"max-video-preview:-1"},"canonical":"https:\/\/yoga-laurence-lhermitte.com\/fr\/les-cours\/cours-collectifs-pour-adultes\/yoga-et-table-dhote\/","og_locale":"fr_FR","og_type":"article","og_title":"Yoga et table d'h\u00f4te - fr-Yoga Laurence Lhermitte","og_description":"&nbsp; Une s\u00e9ance de yoga\u00a0suivie d&rsquo;un d\u00e9jeuner, une autre fa\u00e7on de partager un bon moment avec des amis &nbsp; Il suffit que vous\u00a0r\u00e9unissiez au moins trois autres personnes et que vous conveniez avec moi d&rsquo;une date. &nbsp; \u00c0 11 heures, nous pratiquons dans le studio et\/ou au jardin pendant une heure et demie. Pratique douce &hellip; Continuer la lecture \u00ab\u00a0Yoga et table d&rsquo;h\u00f4te\u00a0\u00bb","og_url":"https:\/\/yoga-laurence-lhermitte.com\/fr\/les-cours\/cours-collectifs-pour-adultes\/yoga-et-table-dhote\/","og_site_name":"fr-Yoga Laurence Lhermitte","article_modified_time":"2022-05-11T08:12:52+00:00","og_image":[{"url":"https:\/\/yoga-laurence-lhermitte.com\/wp-content\/blogs.dir\/2\/files\/2019\/05\/IMG_0301-1024x768.jpg","type":"","width":"","height":""}],"twitter_card":"summary_large_image","schema":{"@context":"https:\/\/schema.org","@graph":[{"@type":"WebPage","@id":"https:\/\/yoga-laurence-lhermitte.com\/fr\/les-cours\/cours-collectifs-pour-adultes\/yoga-et-table-dhote\/","url":"https:\/\/yoga-laurence-lhermitte.com\/fr\/les-cours\/cours-collectifs-pour-adultes\/yoga-et-table-dhote\/","name":"Yoga et table d'h\u00f4te - fr-Yoga Laurence Lhermitte","isPartOf":{"@id":"https:\/\/yoga-laurence-lhermitte.com\/fr\/#website"},"primaryImageOfPage":{"@id":"https:\/\/yoga-laurence-lhermitte.com\/fr\/les-cours\/cours-collectifs-pour-adultes\/yoga-et-table-dhote\/#primaryimage"},"image":{"@id":"https:\/\/yoga-laurence-lhermitte.com\/fr\/les-cours\/cours-collectifs-pour-adultes\/yoga-et-table-dhote\/#primaryimage"},"thumbnailUrl":"https:\/\/yoga-laurence-lhermitte.com\/wp-content\/blogs.dir\/2\/files\/2019\/05\/IMG_0301-1024x768.jpg","datePublished":"2019-05-08T08:07:40+00:00","dateModified":"2022-05-11T08:12:52+00:00","breadcrumb":{"@id":"https:\/\/yoga-laurence-lhermitte.com\/fr\/les-cours\/cours-collectifs-pour-adultes\/yoga-et-table-dhote\/#breadcrumb"},"inLanguage":"fr-FR","potentialAction":[{"@type":"ReadAction","target":["https:\/\/yoga-laurence-lhermitte.com\/fr\/les-cours\/cours-collectifs-pour-adultes\/yoga-et-table-dhote\/"]}]},{"@type":"ImageObject","inLanguage":"fr-FR","@id":"https:\/\/yoga-laurence-lhermitte.com\/fr\/les-cours\/cours-collectifs-pour-adultes\/yoga-et-table-dhote\/#primaryimage","url":"https:\/\/yoga-laurence-lhermitte.com\/wp-content\/blogs.dir\/2\/files\/2019\/05\/IMG_0301-1024x768.jpg","contentUrl":"https:\/\/yoga-laurence-lhermitte.com\/wp-content\/blogs.dir\/2\/files\/2019\/05\/IMG_0301-1024x768.jpg"},{"@type":"BreadcrumbList","@id":"https:\/\/yoga-laurence-lhermitte.com\/fr\/les-cours\/cours-collectifs-pour-adultes\/yoga-et-table-dhote\/#breadcrumb","itemListElement":[{"@type":"ListItem","position":1,"name":"Accueil","item":"https:\/\/yoga-laurence-lhermitte.com\/fr\/"},{"@type":"ListItem","position":2,"name":"Les cours","item":"https:\/\/yoga-laurence-lhermitte.com\/fr\/les-cours\/"},{"@type":"ListItem","position":3,"name":"Cours collectifs pour adultes","item":"https:\/\/yoga-laurence-lhermitte.com\/fr\/les-cours\/cours-collectifs-pour-adultes\/"},{"@type":"ListItem","position":4,"name":"Yoga et table d&rsquo;h\u00f4te"}]},{"@type":"WebSite","@id":"https:\/\/yoga-laurence-lhermitte.com\/fr\/#website","url":"https:\/\/yoga-laurence-lhermitte.com\/fr\/","name":"fr-Yoga Laurence Lhermitte","description":"Yoga-Cours collectifs et particuliers pour adultes et enfants, \u00e0 la Guadeloupe","potentialAction":[{"@type":"SearchAction","target":{"@type":"EntryPoint","urlTemplate":"https:\/\/yoga-laurence-lhermitte.com\/fr\/?s={search_term_string}"},"query-input":{"@type":"PropertyValueSpecification","valueRequired":true,"valueName":"search_term_string"}}],"inLanguage":"fr-FR"}]}},"_links":{"self":[{"href":"https:\/\/yoga-laurence-lhermitte.com\/fr\/wp-json\/wp\/v2\/pages\/4084","targetHints":{"allow":["GET"]}}],"collection":[{"href":"https:\/\/yoga-laurence-lhermitte.com\/fr\/wp-json\/wp\/v2\/pages"}],"about":[{"href":"https:\/\/yoga-laurence-lhermitte.com\/fr\/wp-json\/wp\/v2\/types\/page"}],"author":[{"embeddable":true,"href":"https:\/\/yoga-laurence-lhermitte.com\/fr\/wp-json\/wp\/v2\/users\/1"}],"replies":[{"embeddable":true,"href":"https:\/\/yoga-laurence-lhermitte.com\/fr\/wp-json\/wp\/v2\/comments?post=4084"}],"version-history":[{"count":0,"href":"https:\/\/yoga-laurence-lhermitte.com\/fr\/wp-json\/wp\/v2\/pages\/4084\/revisions"}],"up":[{"embeddable":true,"href":"https:\/\/yoga-laurence-lhermitte.com\/fr\/wp-json\/wp\/v2\/pages\/31"}],"wp:attachment":[{"href":"https:\/\/yoga-laurence-lhermitte.com\/fr\/wp-json\/wp\/v2\/media?parent=4084"}],"curies":[{"name":"wp","href":"https:\/\/api.w.org\/{rel}","templated":true}]}}