{"id":66,"date":"2012-12-01T18:35:34","date_gmt":"2012-12-01T17:35:34","guid":{"rendered":"https:\/\/fr.yoga-laurence-lhermitte.com\/?page_id=66"},"modified":"2018-06-02T00:56:43","modified_gmt":"2018-06-01T22:56:43","slug":"livre-dor","status":"publish","type":"page","link":"https:\/\/yoga-laurence-lhermitte.com\/fr\/livre-dor\/","title":{"rendered":"Livre d&rsquo;or"},"content":{"rendered":"<p style=\"text-align: center;\">Vos commentaires sont bienvenus et seront utiles \u00e0 tous&#8230;<\/p>\n<p>[break]<\/p>\n<p style=\"text-align: center;\"><span style=\"font-size: 12px;\"><em>Nous respectons le R\u00e8glement G\u00e9n\u00e9ral sur la Protection des Donn\u00e9es (RGPD). <a href=\"https:\/\/yoga-laurence-lhermitte.com\/fr\/mentions-legales\/\" target=\"_blank\" rel=\"noopener\">En savoir plus<\/a><\/em><\/span><\/p>\n<p>[break]<\/p>\n<p class=\"dark-red-button\" style=\"text-align: center;\"><a href=\"#write-comment\">\u00c9crire un commentaire<\/a><\/p>\n<p>&nbsp;<\/p>\n<p><a href=\"https:\/\/yoga-laurence-lhermitte.com\/en\/guestbook\/\">Voir les commentaires en anglais\u00a0 <\/a><a href=\"https:\/\/yoga-laurence-lhermitte.com\/en\/guestbook\/\"><img decoding=\"async\" class=\"noborder alignnone wp-image-468 size-full\" src=\"https:\/\/yoga-laurence-lhermitte.com\/wp-content\/blogs.dir\/2\/files\/2012\/12\/flag_en.png\" alt=\"flag en\" width=\"16\" height=\"11\" \/><\/a><\/p>\n","protected":false},"excerpt":{"rendered":"<p>Vos commentaires sont bienvenus et seront utiles \u00e0 tous&#8230; [break] Nous respectons le R\u00e8glement G\u00e9n\u00e9ral sur la Protection des Donn\u00e9es (RGPD). En savoir plus [break] \u00c9crire un commentaire &nbsp; Voir les commentaires en anglais\u00a0<\/p>\n","protected":false},"author":2,"featured_media":0,"parent":0,"menu_order":0,"comment_status":"open","ping_status":"closed","template":"","meta":{"footnotes":""},"class_list":["post-66","page","type-page","status-publish","hentry","entry"],"yoast_head":"<!-- This site is optimized with the Yoast SEO plugin v26.8 - https:\/\/yoast.com\/product\/yoast-seo-wordpress\/ -->\n<title>Livre d&#039;or - fr-Yoga Laurence Lhermitte<\/title>\n<meta name=\"robots\" content=\"index, follow, max-snippet:-1, max-image-preview:large, max-video-preview:-1\" \/>\n<link rel=\"canonical\" href=\"https:\/\/yoga-laurence-lhermitte.com\/fr\/livre-dor\/\" \/>\n<meta property=\"og:locale\" content=\"fr_FR\" \/>\n<meta property=\"og:type\" content=\"article\" \/>\n<meta property=\"og:title\" content=\"Livre d&#039;or - fr-Yoga Laurence Lhermitte\" \/>\n<meta property=\"og:description\" content=\"Vos commentaires sont bienvenus et seront utiles \u00e0 tous&#8230; [break] Nous respectons le R\u00e8glement G\u00e9n\u00e9ral sur la Protection des Donn\u00e9es (RGPD). En savoir plus [break] \u00c9crire un commentaire &nbsp; Voir les commentaires en anglais\u00a0\" \/>\n<meta property=\"og:url\" content=\"https:\/\/yoga-laurence-lhermitte.com\/fr\/livre-dor\/\" \/>\n<meta property=\"og:site_name\" content=\"fr-Yoga Laurence Lhermitte\" \/>\n<meta property=\"article:modified_time\" content=\"2018-06-01T22:56:43+00:00\" \/>\n<meta property=\"og:image\" content=\"https:\/\/yoga-laurence-lhermitte.com\/wp-content\/blogs.dir\/2\/files\/2012\/12\/flag_en.png\" \/>\n<meta name=\"twitter:card\" content=\"summary_large_image\" \/>\n<script type=\"application\/ld+json\" class=\"yoast-schema-graph\">{\"@context\":\"https:\/\/schema.org\",\"@graph\":[{\"@type\":\"WebPage\",\"@id\":\"https:\/\/yoga-laurence-lhermitte.com\/fr\/livre-dor\/\",\"url\":\"https:\/\/yoga-laurence-lhermitte.com\/fr\/livre-dor\/\",\"name\":\"Livre d'or - fr-Yoga Laurence Lhermitte\",\"isPartOf\":{\"@id\":\"https:\/\/yoga-laurence-lhermitte.com\/fr\/#website\"},\"primaryImageOfPage\":{\"@id\":\"https:\/\/yoga-laurence-lhermitte.com\/fr\/livre-dor\/#primaryimage\"},\"image\":{\"@id\":\"https:\/\/yoga-laurence-lhermitte.com\/fr\/livre-dor\/#primaryimage\"},\"thumbnailUrl\":\"https:\/\/yoga-laurence-lhermitte.com\/wp-content\/blogs.dir\/2\/files\/2012\/12\/flag_en.png\",\"datePublished\":\"2012-12-01T17:35:34+00:00\",\"dateModified\":\"2018-06-01T22:56:43+00:00\",\"breadcrumb\":{\"@id\":\"https:\/\/yoga-laurence-lhermitte.com\/fr\/livre-dor\/#breadcrumb\"},\"inLanguage\":\"fr-FR\",\"potentialAction\":[{\"@type\":\"ReadAction\",\"target\":[\"https:\/\/yoga-laurence-lhermitte.com\/fr\/livre-dor\/\"]}]},{\"@type\":\"ImageObject\",\"inLanguage\":\"fr-FR\",\"@id\":\"https:\/\/yoga-laurence-lhermitte.com\/fr\/livre-dor\/#primaryimage\",\"url\":\"https:\/\/yoga-laurence-lhermitte.com\/wp-content\/blogs.dir\/2\/files\/2012\/12\/flag_en.png\",\"contentUrl\":\"https:\/\/yoga-laurence-lhermitte.com\/wp-content\/blogs.dir\/2\/files\/2012\/12\/flag_en.png\"},{\"@type\":\"BreadcrumbList\",\"@id\":\"https:\/\/yoga-laurence-lhermitte.com\/fr\/livre-dor\/#breadcrumb\",\"itemListElement\":[{\"@type\":\"ListItem\",\"position\":1,\"name\":\"Accueil\",\"item\":\"https:\/\/yoga-laurence-lhermitte.com\/fr\/\"},{\"@type\":\"ListItem\",\"position\":2,\"name\":\"Livre d&rsquo;or\"}]},{\"@type\":\"WebSite\",\"@id\":\"https:\/\/yoga-laurence-lhermitte.com\/fr\/#website\",\"url\":\"https:\/\/yoga-laurence-lhermitte.com\/fr\/\",\"name\":\"fr-Yoga Laurence Lhermitte\",\"description\":\"Yoga-Cours collectifs et particuliers pour adultes et enfants, \u00e0 la Guadeloupe\",\"potentialAction\":[{\"@type\":\"SearchAction\",\"target\":{\"@type\":\"EntryPoint\",\"urlTemplate\":\"https:\/\/yoga-laurence-lhermitte.com\/fr\/?s={search_term_string}\"},\"query-input\":{\"@type\":\"PropertyValueSpecification\",\"valueRequired\":true,\"valueName\":\"search_term_string\"}}],\"inLanguage\":\"fr-FR\"}]}<\/script>\n<!-- \/ Yoast SEO plugin. -->","yoast_head_json":{"title":"Livre d'or - fr-Yoga Laurence Lhermitte","robots":{"index":"index","follow":"follow","max-snippet":"max-snippet:-1","max-image-preview":"max-image-preview:large","max-video-preview":"max-video-preview:-1"},"canonical":"https:\/\/yoga-laurence-lhermitte.com\/fr\/livre-dor\/","og_locale":"fr_FR","og_type":"article","og_title":"Livre d'or - fr-Yoga Laurence Lhermitte","og_description":"Vos commentaires sont bienvenus et seront utiles \u00e0 tous&#8230; [break] Nous respectons le R\u00e8glement G\u00e9n\u00e9ral sur la Protection des Donn\u00e9es (RGPD). En savoir plus [break] \u00c9crire un commentaire &nbsp; Voir les commentaires en anglais\u00a0","og_url":"https:\/\/yoga-laurence-lhermitte.com\/fr\/livre-dor\/","og_site_name":"fr-Yoga Laurence Lhermitte","article_modified_time":"2018-06-01T22:56:43+00:00","og_image":[{"url":"https:\/\/yoga-laurence-lhermitte.com\/wp-content\/blogs.dir\/2\/files\/2012\/12\/flag_en.png","type":"","width":"","height":""}],"twitter_card":"summary_large_image","schema":{"@context":"https:\/\/schema.org","@graph":[{"@type":"WebPage","@id":"https:\/\/yoga-laurence-lhermitte.com\/fr\/livre-dor\/","url":"https:\/\/yoga-laurence-lhermitte.com\/fr\/livre-dor\/","name":"Livre d'or - fr-Yoga Laurence Lhermitte","isPartOf":{"@id":"https:\/\/yoga-laurence-lhermitte.com\/fr\/#website"},"primaryImageOfPage":{"@id":"https:\/\/yoga-laurence-lhermitte.com\/fr\/livre-dor\/#primaryimage"},"image":{"@id":"https:\/\/yoga-laurence-lhermitte.com\/fr\/livre-dor\/#primaryimage"},"thumbnailUrl":"https:\/\/yoga-laurence-lhermitte.com\/wp-content\/blogs.dir\/2\/files\/2012\/12\/flag_en.png","datePublished":"2012-12-01T17:35:34+00:00","dateModified":"2018-06-01T22:56:43+00:00","breadcrumb":{"@id":"https:\/\/yoga-laurence-lhermitte.com\/fr\/livre-dor\/#breadcrumb"},"inLanguage":"fr-FR","potentialAction":[{"@type":"ReadAction","target":["https:\/\/yoga-laurence-lhermitte.com\/fr\/livre-dor\/"]}]},{"@type":"ImageObject","inLanguage":"fr-FR","@id":"https:\/\/yoga-laurence-lhermitte.com\/fr\/livre-dor\/#primaryimage","url":"https:\/\/yoga-laurence-lhermitte.com\/wp-content\/blogs.dir\/2\/files\/2012\/12\/flag_en.png","contentUrl":"https:\/\/yoga-laurence-lhermitte.com\/wp-content\/blogs.dir\/2\/files\/2012\/12\/flag_en.png"},{"@type":"BreadcrumbList","@id":"https:\/\/yoga-laurence-lhermitte.com\/fr\/livre-dor\/#breadcrumb","itemListElement":[{"@type":"ListItem","position":1,"name":"Accueil","item":"https:\/\/yoga-laurence-lhermitte.com\/fr\/"},{"@type":"ListItem","position":2,"name":"Livre d&rsquo;or"}]},{"@type":"WebSite","@id":"https:\/\/yoga-laurence-lhermitte.com\/fr\/#website","url":"https:\/\/yoga-laurence-lhermitte.com\/fr\/","name":"fr-Yoga Laurence Lhermitte","description":"Yoga-Cours collectifs et particuliers pour adultes et enfants, \u00e0 la Guadeloupe","potentialAction":[{"@type":"SearchAction","target":{"@type":"EntryPoint","urlTemplate":"https:\/\/yoga-laurence-lhermitte.com\/fr\/?s={search_term_string}"},"query-input":{"@type":"PropertyValueSpecification","valueRequired":true,"valueName":"search_term_string"}}],"inLanguage":"fr-FR"}]}},"_links":{"self":[{"href":"https:\/\/yoga-laurence-lhermitte.com\/fr\/wp-json\/wp\/v2\/pages\/66","targetHints":{"allow":["GET"]}}],"collection":[{"href":"https:\/\/yoga-laurence-lhermitte.com\/fr\/wp-json\/wp\/v2\/pages"}],"about":[{"href":"https:\/\/yoga-laurence-lhermitte.com\/fr\/wp-json\/wp\/v2\/types\/page"}],"author":[{"embeddable":true,"href":"https:\/\/yoga-laurence-lhermitte.com\/fr\/wp-json\/wp\/v2\/users\/2"}],"replies":[{"embeddable":true,"href":"https:\/\/yoga-laurence-lhermitte.com\/fr\/wp-json\/wp\/v2\/comments?post=66"}],"version-history":[{"count":0,"href":"https:\/\/yoga-laurence-lhermitte.com\/fr\/wp-json\/wp\/v2\/pages\/66\/revisions"}],"wp:attachment":[{"href":"https:\/\/yoga-laurence-lhermitte.com\/fr\/wp-json\/wp\/v2\/media?parent=66"}],"curies":[{"name":"wp","href":"https:\/\/api.w.org\/{rel}","templated":true}]}}